{"id":107,"date":"2020-05-18T10:27:18","date_gmt":"2020-05-18T08:27:18","guid":{"rendered":"http:\/\/bjorkafristad.cmsp.se\/?page_id=107"},"modified":"2020-08-24T15:15:36","modified_gmt":"2020-08-24T13:15:36","slug":"produkter","status":"publish","type":"page","link":"https:\/\/bjorkafristad.cmsp.se\/fi\/produkter\/","title":{"rendered":"Tuotteet"},"content":{"rendered":"<div class=\"wpb-content-wrapper\"><p>[vc_row][vc_column][vc_column_text]<\/p>\n<h1>Produkter<\/h1>\n<p>[\/vc_column_text][\/vc_column][\/vc_row][vc_row][vc_column width=&#8221;1\/3&#8243;][vc_single_image image=&#8221;219&#8243; img_size=&#8221;medium&#8221; onclick=&#8221;link_image&#8221;][\/vc_column][vc_column width=&#8221;1\/3&#8243;][vc_column_text]<\/p>\n<h2>Klockarebolet-penkki<\/h2>\n<p>Lippulaiva Bj\u00f6rkan keitti\u00f6sarjassa! Vakaa ty\u00f6taso, joka seuraa suosikki keitti\u00f6v\u00e4lineit\u00e4si. Yht\u00e4 k\u00e4yt\u00e4nn\u00f6llinen kuin se on mukavaa keitti\u00f6n tiskill\u00e4.<\/p>\n<p><a href=\"https:\/\/www.bjorkafristad.se\/fi\/bankstall-patorp\/\">Lue lis\u00e4\u00e4 t\u00e4\u00e4lt\u00e4!<\/a>[\/vc_column_text][\/vc_column][vc_column width=&#8221;1\/3&#8243;][vc_column_text]<\/p>\n<p style=\"text-align: right\">Art. nr. B008<\/p>\n<p>[\/vc_column_text][\/vc_column][\/vc_row][vc_row][vc_column][vc_separator color=&#8221;custom&#8221; accent_color=&#8221;#aa9868&#8243;][\/vc_column][\/vc_row][vc_row][vc_column width=&#8221;1\/3&#8243;][vc_single_image image=&#8221;236&#8243; img_size=&#8221;medium&#8221; onclick=&#8221;link_image&#8221;][\/vc_column][vc_column width=&#8221;1\/3&#8243;][vc_column_text]<\/p>\n<h2>Tapas asetti Tingk\u00e4llanin<\/h2>\n<p>Kaunis ja k\u00e4yt\u00e4nn\u00f6llinen sarja suunnitellulle tapas-juhlaan tai spontaaniin piknikille.<\/p>\n<p><a href=\"https:\/\/www.bjorkafristad.se\/fi\/tapasset-molarp\/\">Lue lis\u00e4\u00e4 t\u00e4\u00e4lt\u00e4!<\/a>[\/vc_column_text][\/vc_column][vc_column width=&#8221;1\/3&#8243;][vc_column_text]<\/p>\n<p style=\"text-align: right\">Art. nr. B002<\/p>\n<p>[\/vc_column_text][\/vc_column][\/vc_row][vc_row][vc_column][vc_separator color=&#8221;custom&#8221; accent_color=&#8221;#aa9868&#8243;][\/vc_column][\/vc_row][vc_row][vc_column width=&#8221;1\/3&#8243;][vc_single_image image=&#8221;227&#8243; img_size=&#8221;medium&#8221; onclick=&#8221;link_image&#8221;][\/vc_column][vc_column width=&#8221;1\/3&#8243;][vc_column_text]<\/p>\n<h2>Salaatti asettaa M\u00f6larp<\/h2>\n<p>Eritt\u00e4in hy\u00f6dyllinen sarja, joka sis\u00e4lt\u00e4\u00e4 salaatin ruokailuv\u00e4lineit\u00e4, joissa laatikon molemmat osat tarjoavat my\u00f6s lis\u00e4toimintoja.<\/p>\n<p><a href=\"https:\/\/www.bjorkafristad.se\/fi\/salladsset-sik\/\">Lue lis\u00e4\u00e4 t\u00e4\u00e4lt\u00e4!<\/a>[\/vc_column_text][\/vc_column][vc_column width=&#8221;1\/3&#8243;][vc_column_text]<\/p>\n<p style=\"text-align: right\">Art. nr. B004<\/p>\n<p>[\/vc_column_text][\/vc_column][\/vc_row][vc_row][vc_column][vc_separator color=&#8221;custom&#8221; accent_color=&#8221;#aa9868&#8243;][\/vc_column][\/vc_row][vc_row][vc_column width=&#8221;1\/3&#8243;][vc_single_image image=&#8221;281&#8243; img_size=&#8221;medium&#8221; onclick=&#8221;link_image&#8221;][\/vc_column][vc_column width=&#8221;1\/3&#8243;][vc_column_text]<\/p>\n<h2>Keitti\u00f6tarvikkeet Klockarebolet<\/h2>\n<p>K\u00e4ytt\u00e4j\u00e4yst\u00e4v\u00e4lliset keitti\u00f6tarvikkeet Bj\u00f6rkan ainutlaatuisessa suunnittelussa.<\/p>\n<p><a href=\"https:\/\/www.bjorkafristad.se\/fi\/koksredskap\/\">Lue lis\u00e4\u00e4 t\u00e4\u00e4lt\u00e4!<\/a>[\/vc_column_text][\/vc_column][vc_column width=&#8221;1\/3&#8243;][vc_column_text]<\/p>\n<p style=\"text-align: right\">Art. nr.<\/p>\n<p style=\"text-align: right\">Tr\u00e4gaffel: B005<\/p>\n<p style=\"text-align: right\">Stekspade: B006<\/p>\n<p style=\"text-align: right\">R\u00f6rslev: B007<\/p>\n<p>[\/vc_column_text][\/vc_column][\/vc_row][vc_row][vc_column][vc_separator color=&#8221;custom&#8221; accent_color=&#8221;#aa9868&#8243;][\/vc_column][\/vc_row][vc_row][vc_column width=&#8221;1\/3&#8243;][vc_single_image image=&#8221;289&#8243; img_size=&#8221;medium&#8221; onclick=&#8221;link_image&#8221;][\/vc_column][vc_column width=&#8221;1\/3&#8243;][vc_column_text]<\/p>\n<h2>Pinsetit Tingk\u00e4llan<\/h2>\n<p>Pienempi ja eritt\u00e4in hy\u00f6dyllinen poimintapinsetit esimerkiksi tapaksia tai t\u00e4ytett\u00e4.<\/p>\n<p><a href=\"https:\/\/www.bjorkafristad.se\/fi\/pincett\/\">Lue lis\u00e4\u00e4 t\u00e4\u00e4lt\u00e4!<\/a>[\/vc_column_text][\/vc_column][vc_column width=&#8221;1\/3&#8243;][vc_column_text]<\/p>\n<p style=\"text-align: right\">Art. nr. B001<\/p>\n<p>[\/vc_column_text][\/vc_column][\/vc_row][vc_row][vc_column][vc_separator color=&#8221;custom&#8221; accent_color=&#8221;#aa9868&#8243;][\/vc_column][\/vc_row][vc_row][vc_column width=&#8221;1\/3&#8243;][vc_single_image image=&#8221;285&#8243; img_size=&#8221;medium&#8221; onclick=&#8221;link_image&#8221;][\/vc_column][vc_column width=&#8221;1\/3&#8243;][vc_column_text]<\/p>\n<h2>Salaatti ruokailuv\u00e4lineet M\u00f6larp<\/h2>\n<p>K\u00e4ytt\u00e4j\u00e4yst\u00e4v\u00e4llinen salaattiv\u00e4lineet Bj\u00f6rkan ainutlaatuisessa suunnittelussa.<\/p>\n<p><a href=\"https:\/\/www.bjorkafristad.se\/fi\/salladsbestick\/\">Lue lis\u00e4\u00e4 t\u00e4\u00e4lt\u00e4!<\/a>[\/vc_column_text][\/vc_column][vc_column width=&#8221;1\/3&#8243;][vc_column_text]<\/p>\n<p style=\"text-align: right\">Art. nr. B003<\/p>\n<p>[\/vc_column_text][\/vc_column][\/vc_row]<\/p>\n<\/div>","protected":false},"excerpt":{"rendered":"<p>[vc_row][vc_column][vc_column_text] Produkter [\/vc_column_text][\/vc_column][\/vc_row][vc_row][vc_column width=&#8221;1\/3&#8243;][vc_single_image image=&#8221;219&#8243; img_size=&#8221;medium&#8221; onclick=&#8221;link_image&#8221;][\/vc_column][vc_column width=&#8221;1\/3&#8243;][vc_column_text] Klockarebolet-penkki Lippulaiva Bj\u00f6rkan keitti\u00f6sarjassa! Vakaa ty\u00f6taso, joka seuraa suosikki keitti\u00f6v\u00e4lineit\u00e4si. Yht\u00e4 k\u00e4yt\u00e4nn\u00f6llinen kuin se on mukavaa keitti\u00f6n tiskill\u00e4. Lue lis\u00e4\u00e4 t\u00e4\u00e4lt\u00e4![\/vc_column_text][\/vc_column][vc_column width=&#8221;1\/3&#8243;][vc_column_text] Art. nr. B008 [\/vc_column_text][\/vc_column][\/vc_row][vc_row][vc_column][vc_separator color=&#8221;custom&#8221; accent_color=&#8221;#aa9868&#8243;][\/vc_column][\/vc_row][vc_row][vc_column width=&#8221;1\/3&#8243;][vc_single_image image=&#8221;236&#8243; img_size=&#8221;medium&#8221; onclick=&#8221;link_image&#8221;][\/vc_column][vc_column width=&#8221;1\/3&#8243;][vc_column_text] Tapas asetti Tingk\u00e4llanin Kaunis ja k\u00e4yt\u00e4nn\u00f6llinen sarja suunnitellulle tapas-juhlaan tai spontaaniin piknikille. Lue lis\u00e4\u00e4 [&hellip;]<\/p>\n","protected":false},"author":4,"featured_media":0,"parent":0,"menu_order":0,"comment_status":"closed","ping_status":"closed","template":"","meta":{"footnotes":""},"class_list":["post-107","page","type-page","status-publish","hentry"],"_links":{"self":[{"href":"https:\/\/bjorkafristad.cmsp.se\/fi\/wp-json\/wp\/v2\/pages\/107","targetHints":{"allow":["GET"]}}],"collection":[{"href":"https:\/\/bjorkafristad.cmsp.se\/fi\/wp-json\/wp\/v2\/pages"}],"about":[{"href":"https:\/\/bjorkafristad.cmsp.se\/fi\/wp-json\/wp\/v2\/types\/page"}],"author":[{"embeddable":true,"href":"https:\/\/bjorkafristad.cmsp.se\/fi\/wp-json\/wp\/v2\/users\/4"}],"replies":[{"embeddable":true,"href":"https:\/\/bjorkafristad.cmsp.se\/fi\/wp-json\/wp\/v2\/comments?post=107"}],"version-history":[{"count":15,"href":"https:\/\/bjorkafristad.cmsp.se\/fi\/wp-json\/wp\/v2\/pages\/107\/revisions"}],"predecessor-version":[{"id":970,"href":"https:\/\/bjorkafristad.cmsp.se\/fi\/wp-json\/wp\/v2\/pages\/107\/revisions\/970"}],"wp:attachment":[{"href":"https:\/\/bjorkafristad.cmsp.se\/fi\/wp-json\/wp\/v2\/media?parent=107"}],"curies":[{"name":"wp","href":"https:\/\/api.w.org\/{rel}","templated":true}]}}