{"id":115,"date":"2020-05-18T10:33:12","date_gmt":"2020-05-18T08:33:12","guid":{"rendered":"http:\/\/bjorkafristad.cmsp.se\/?page_id=115"},"modified":"2020-08-24T15:08:25","modified_gmt":"2020-08-24T13:08:25","slug":"om-bjorka","status":"publish","type":"page","link":"https:\/\/bjorkafristad.cmsp.se\/fi\/om-bjorka\/","title":{"rendered":"Tietoja Bj\u00f6rka"},"content":{"rendered":"<div class=\"wpb-content-wrapper\"><p>[vc_row][vc_column][vc_column_text]<\/p>\n<h1>Tietoja Bj\u00f6rka<\/h1>\n<p>[\/vc_column_text][\/vc_column][\/vc_row][vc_row][vc_column][vc_column_text]&#8221;Bj\u00f6rka&#8221; on sarja keitti\u00f6- ja talousesineit\u00e4, jotka on suunniteltu ja valmistettu Ruotsissa. &#8221;Bj\u00f6rkan&#8221; kannalta merkitt\u00e4v\u00e4\u00e4 on ainutlaatuinen muotoilu, innovatiiviset toiminnot ja ratkaisut ja v\u00e4h\u00e4isimp\u00e4n\u00e4 sen ilmastovaikutukset. Tuotteet valmistetaan ja jalostetaan Fristadissa ja pakkaukset valmistetaan Bor\u00e5sissa, mik\u00e4 tarkoittaa, ett\u00e4 koko tuotanto on keskittynyt vain 15 km: n s\u00e4teeseen. Raaka-aine: koivu, on per\u00e4isin Ruotsin metsist\u00e4, mik\u00e4 tekee &#8221;Bj\u00f6rkasta&#8221; yhden ilmastoteknisimmist\u00e4 kaikista markkinoiden keitti\u00f6sarjoista.<\/p>\n<p>Materiaali: ruotsalainen koivu, joka on k\u00e4sitelty elintarvikkeilla hyv\u00e4ksytyll\u00e4 parafiini\u00f6ljyll\u00e4.[\/vc_column_text][\/vc_column][\/vc_row][vc_row][vc_column][vc_column_text]Viisi vahvaa argumenttia &#8221;Bj\u00f6rka&#8221;:<\/p>\n<ul>\n<li style=\"list-style-type: none\">\n<ul>\n<li>Ymp\u00e4rist\u00f6yst\u00e4v\u00e4llinen ja luonnollinen materiaali.<\/li>\n<li>Paikallisesti tuotettu.<\/li>\n<li>Pienimm\u00e4t ymp\u00e4rist\u00f6vaikutukset.<\/li>\n<li>Ei turhia pakkauksia.<\/li>\n<li>Hy\u00f6dyt ruotsalaisille yrityksille ja ty\u00f6paikoille.<\/li>\n<\/ul>\n<\/li>\n<\/ul>\n<p>&nbsp;<\/p>\n<p><a href=\"https:\/\/www.bjorkafristad.se\/fi\/kontakti\/\">Ota yhteytt\u00e4 saadaksesi lis\u00e4tietoja!<\/a>[\/vc_column_text][\/vc_column][\/vc_row][vc_row][vc_column width=&#8221;1\/3&#8243;][vc_single_image image=&#8221;330&#8243; img_size=&#8221;full&#8221; alignment=&#8221;center&#8221; onclick=&#8221;link_image&#8221;][\/vc_column][vc_column width=&#8221;1\/3&#8243;][vc_single_image image=&#8221;336&#8243; img_size=&#8221;full&#8221; alignment=&#8221;center&#8221; onclick=&#8221;link_image&#8221;][\/vc_column][vc_column width=&#8221;1\/3&#8243;][vc_single_image image=&#8221;340&#8243; img_size=&#8221;full&#8221; alignment=&#8221;center&#8221; onclick=&#8221;link_image&#8221;][\/vc_column][\/vc_row]<\/p>\n<\/div>","protected":false},"excerpt":{"rendered":"<p>[vc_row][vc_column][vc_column_text] Tietoja Bj\u00f6rka [\/vc_column_text][\/vc_column][\/vc_row][vc_row][vc_column][vc_column_text]&#8221;Bj\u00f6rka&#8221; on sarja keitti\u00f6- ja talousesineit\u00e4, jotka on suunniteltu ja valmistettu Ruotsissa. &#8221;Bj\u00f6rkan&#8221; kannalta merkitt\u00e4v\u00e4\u00e4 on ainutlaatuinen muotoilu, innovatiiviset toiminnot ja ratkaisut ja v\u00e4h\u00e4isimp\u00e4n\u00e4 sen ilmastovaikutukset. Tuotteet valmistetaan ja jalostetaan Fristadissa ja pakkaukset valmistetaan Bor\u00e5sissa, mik\u00e4 tarkoittaa, ett\u00e4 koko tuotanto on keskittynyt vain 15 km: n s\u00e4teeseen. Raaka-aine: koivu, on per\u00e4isin Ruotsin [&hellip;]<\/p>\n","protected":false},"author":4,"featured_media":0,"parent":0,"menu_order":0,"comment_status":"closed","ping_status":"closed","template":"","meta":{"footnotes":""},"class_list":["post-115","page","type-page","status-publish","hentry"],"_links":{"self":[{"href":"https:\/\/bjorkafristad.cmsp.se\/fi\/wp-json\/wp\/v2\/pages\/115","targetHints":{"allow":["GET"]}}],"collection":[{"href":"https:\/\/bjorkafristad.cmsp.se\/fi\/wp-json\/wp\/v2\/pages"}],"about":[{"href":"https:\/\/bjorkafristad.cmsp.se\/fi\/wp-json\/wp\/v2\/types\/page"}],"author":[{"embeddable":true,"href":"https:\/\/bjorkafristad.cmsp.se\/fi\/wp-json\/wp\/v2\/users\/4"}],"replies":[{"embeddable":true,"href":"https:\/\/bjorkafristad.cmsp.se\/fi\/wp-json\/wp\/v2\/comments?post=115"}],"version-history":[{"count":6,"href":"https:\/\/bjorkafristad.cmsp.se\/fi\/wp-json\/wp\/v2\/pages\/115\/revisions"}],"predecessor-version":[{"id":969,"href":"https:\/\/bjorkafristad.cmsp.se\/fi\/wp-json\/wp\/v2\/pages\/115\/revisions\/969"}],"wp:attachment":[{"href":"https:\/\/bjorkafristad.cmsp.se\/fi\/wp-json\/wp\/v2\/media?parent=115"}],"curies":[{"name":"wp","href":"https:\/\/api.w.org\/{rel}","templated":true}]}}