{"id":182,"date":"2020-05-29T10:29:47","date_gmt":"2020-05-29T08:29:47","guid":{"rendered":"http:\/\/bjorkafristad.cmsp.se\/bankstall-patorp\/"},"modified":"2020-08-24T10:01:52","modified_gmt":"2020-08-24T08:01:52","slug":"bankstall-patorp","status":"publish","type":"page","link":"https:\/\/bjorkafristad.cmsp.se\/fi\/bankstall-patorp\/","title":{"rendered":"B\u00e4nkst\u00e4ll &#8211; Klockarebolet"},"content":{"rendered":"<div class=\"wpb-content-wrapper\"><p>[vc_row el_id=&#8221;inner-top&#8221;][vc_column][vc_column_text css=&#8221;.vc_custom_1590740527055{background-color: #a9986a !important;}&#8221; el_class=&#8221;top-text&#8221;]<\/p>\n<h1>B\u00e4nkst\u00e4ll | Klockarebolet<\/h1>\n<p>[\/vc_column_text][vc_single_image image=&#8221;212&#8243; img_size=&#8221;full&#8221; el_class=&#8221;top-img&#8221;][\/vc_column][\/vc_row][vc_row][vc_column width=&#8221;1\/2&#8243;][vc_single_image image=&#8221;447&#8243; img_size=&#8221;full&#8221; alignment=&#8221;center&#8221; onclick=&#8221;link_image&#8221;][\/vc_column][vc_column width=&#8221;1\/2&#8243;][vc_column_text]<\/p>\n<h2>Kaikki hyv\u00e4t asiat ovat kolme<\/h2>\n<p>Klockarebolet sis\u00e4lt\u00e4\u00e4 kolme eritt\u00e4in hy\u00f6dyllist\u00e4 keitti\u00f6v\u00e4linett\u00e4. Puinen haarukka esim. sopii sek\u00e4 paistamiseen ett\u00e4 jauhelihan hienontamiseen perjantai-tacoille sek\u00e4 lauantaiaamun munakokkeille.<\/p>\n<p>MERKINT\u00c4! Ei saa pest\u00e4 koneella!<\/p>\n<p>Mitat: 260 x 120 x 45 mm<\/p>\n<p>Artikkelinumero: B008[\/vc_column_text][\/vc_column][\/vc_row][vc_row][vc_column][vc_separator color=&#8221;custom&#8221; accent_color=&#8221;#aa9868&#8243;][\/vc_column][\/vc_row][vc_row][vc_column width=&#8221;1\/2&#8243;][vc_column_text]<\/p>\n<h2>Ei vain mukava yksityiskohta!<\/h2>\n<p>Klockarebolet ei ole vain tyylik\u00e4s sisustustyyli keitti\u00f6ss\u00e4si. Ainutlaatuisella muotoilulla varustettuna ty\u00f6kaluillasi ty\u00f6kalut ovat aina helposti saatavilla. Luovat keitti\u00f6v\u00e4lineet luovaan ruoanlaittoon![\/vc_column_text][\/vc_column][vc_column width=&#8221;1\/2&#8243;][vc_single_image image=&#8221;460&#8243; img_size=&#8221;full&#8221; alignment=&#8221;center&#8221; onclick=&#8221;link_image&#8221;][\/vc_column][\/vc_row][vc_row][vc_column][vc_separator color=&#8221;custom&#8221; accent_color=&#8221;#aa9868&#8243;][\/vc_column][\/vc_row][vc_row][vc_column width=&#8221;1\/2&#8243;][vc_single_image image=&#8221;452&#8243; img_size=&#8221;full&#8221; alignment=&#8221;center&#8221; onclick=&#8221;link_image&#8221;][\/vc_column][vc_column width=&#8221;1\/2&#8243;][vc_column_text]<\/p>\n<h2>Sekoita potti<\/h2>\n<p>Klockarebolet-sekoituslusikalla voit rauhallisesti sekoittaa muhennos, keitto tai kastike. Kanan rei\u00e4n ansiosta potti sekoittuu tehokkaasti, samalla kun se v\u00e4hent\u00e4\u00e4 potin roiskumisen uuniin riski\u00e4.[\/vc_column_text][\/vc_column][\/vc_row][vc_row][vc_column][vc_separator color=&#8221;custom&#8221; accent_color=&#8221;#aa9868&#8243;][\/vc_column][\/vc_row][vc_row][vc_column width=&#8221;1\/2&#8243;][vc_column_text]<\/p>\n<h2>Minimaalinen pakkausmateriaalin kanssa!<\/h2>\n<p>Bj\u00f6rka-sarjalla haluamme saavuttaa mahdollisimman v\u00e4h\u00e4n tarpeettomia ymp\u00e4rist\u00f6vaikutuksia. Siksi paikan suunnittelussa on tilaa ty\u00f6kaluille kuljetuksen aikana ja vain painettu kansi, joka pit\u00e4\u00e4 kaiken paikoillaan. Yksinkertainen ja resurssitehokas! Itse asiassa t\u00e4m\u00e4n ansiosta paikkaa voidaan tarvittaessa k\u00e4ytt\u00e4\u00e4 my\u00f6s tarjoiluastiana![\/vc_column_text][\/vc_column][vc_column width=&#8221;1\/2&#8243;][vc_single_image image=&#8221;219&#8243; img_size=&#8221;full&#8221; alignment=&#8221;center&#8221; onclick=&#8221;link_image&#8221;][\/vc_column][\/vc_row][vc_row][vc_column][vc_separator color=&#8221;custom&#8221; accent_color=&#8221;#aa9868&#8243;][\/vc_column][\/vc_row][vc_row][vc_column width=&#8221;1\/2&#8243;][vc_single_image image=&#8221;468&#8243; img_size=&#8221;full&#8221; alignment=&#8221;center&#8221; onclick=&#8221;link_image&#8221;][\/vc_column][vc_column width=&#8221;1\/2&#8243;][vc_column_text]<\/p>\n<h2>Todellinen paahdin<\/h2>\n<p>Klockareboletin paistinpannu on uskollinen yst\u00e4v\u00e4si takan \u00e4\u00e4ress\u00e4 ja auttaa usein kaikenlaisissa ruoanlaitossa. Maukkaan vanukkaan paistaminen pannulla menee kuin tanssi Bj\u00f6rkan lastalla, ja vain tieto siit\u00e4, ett\u00e4 seisot siell\u00e4 paikallisesti tuotetulla, ymp\u00e4rist\u00f6yst\u00e4v\u00e4llisell\u00e4 ja luultavasti ilmastol\u00e4mp\u00f6llisimm\u00e4ll\u00e4 &#8211; \u00e4lykk\u00e4\u00e4ll\u00e4 lastalla markkinoilla, tekee ruuan maun entist\u00e4 paremmaksi.[\/vc_column_text][\/vc_column][\/vc_row][vc_row][vc_column][vc_separator color=&#8221;custom&#8221; accent_color=&#8221;#aa9868&#8243;][\/vc_column][\/vc_row][vc_row][vc_column width=&#8221;1\/4&#8243;][vc_single_image image=&#8221;215&#8243; img_size=&#8221;full&#8221; onclick=&#8221;link_image&#8221;][\/vc_column][vc_column width=&#8221;1\/4&#8243;][vc_single_image image=&#8221;456&#8243; img_size=&#8221;full&#8221; onclick=&#8221;link_image&#8221;][\/vc_column][vc_column width=&#8221;1\/4&#8243;][vc_single_image image=&#8221;473&#8243; img_size=&#8221;full&#8221; onclick=&#8221;link_image&#8221;][\/vc_column][vc_column width=&#8221;1\/4&#8243;][vc_single_image image=&#8221;465&#8243; img_size=&#8221;full&#8221; onclick=&#8221;link_image&#8221;][\/vc_column][\/vc_row][vc_row][vc_column width=&#8221;1\/4&#8243;][vc_single_image image=&#8221;478&#8243; img_size=&#8221;full&#8221; onclick=&#8221;link_image&#8221;][\/vc_column][vc_column width=&#8221;1\/4&#8243;][vc_single_image image=&#8221;482&#8243; img_size=&#8221;full&#8221; onclick=&#8221;link_image&#8221;][\/vc_column][vc_column width=&#8221;1\/4&#8243;][vc_single_image image=&#8221;490&#8243; img_size=&#8221;full&#8221; onclick=&#8221;link_image&#8221;][\/vc_column][vc_column width=&#8221;1\/4&#8243;][vc_single_image image=&#8221;486&#8243; img_size=&#8221;full&#8221; onclick=&#8221;link_image&#8221;][\/vc_column][\/vc_row]<\/p>\n<\/div>","protected":false},"excerpt":{"rendered":"<p>[vc_row el_id=&#8221;inner-top&#8221;][vc_column][vc_column_text css=&#8221;.vc_custom_1590740527055{background-color: #a9986a !important;}&#8221; el_class=&#8221;top-text&#8221;] B\u00e4nkst\u00e4ll | Klockarebolet [\/vc_column_text][vc_single_image image=&#8221;212&#8243; img_size=&#8221;full&#8221; el_class=&#8221;top-img&#8221;][\/vc_column][\/vc_row][vc_row][vc_column width=&#8221;1\/2&#8243;][vc_single_image image=&#8221;447&#8243; img_size=&#8221;full&#8221; alignment=&#8221;center&#8221; onclick=&#8221;link_image&#8221;][\/vc_column][vc_column width=&#8221;1\/2&#8243;][vc_column_text] Kaikki hyv\u00e4t asiat ovat kolme Klockarebolet sis\u00e4lt\u00e4\u00e4 kolme eritt\u00e4in hy\u00f6dyllist\u00e4 keitti\u00f6v\u00e4linett\u00e4. Puinen haarukka esim. sopii sek\u00e4 paistamiseen ett\u00e4 jauhelihan hienontamiseen perjantai-tacoille sek\u00e4 lauantaiaamun munakokkeille. MERKINT\u00c4! Ei saa pest\u00e4 koneella! Mitat: 260 x 120 x 45 mm [&hellip;]<\/p>\n","protected":false},"author":4,"featured_media":0,"parent":0,"menu_order":0,"comment_status":"closed","ping_status":"closed","template":"","meta":{"footnotes":""},"class_list":["post-182","page","type-page","status-publish","hentry"],"_links":{"self":[{"href":"https:\/\/bjorkafristad.cmsp.se\/fi\/wp-json\/wp\/v2\/pages\/182","targetHints":{"allow":["GET"]}}],"collection":[{"href":"https:\/\/bjorkafristad.cmsp.se\/fi\/wp-json\/wp\/v2\/pages"}],"about":[{"href":"https:\/\/bjorkafristad.cmsp.se\/fi\/wp-json\/wp\/v2\/types\/page"}],"author":[{"embeddable":true,"href":"https:\/\/bjorkafristad.cmsp.se\/fi\/wp-json\/wp\/v2\/users\/4"}],"replies":[{"embeddable":true,"href":"https:\/\/bjorkafristad.cmsp.se\/fi\/wp-json\/wp\/v2\/comments?post=182"}],"version-history":[{"count":7,"href":"https:\/\/bjorkafristad.cmsp.se\/fi\/wp-json\/wp\/v2\/pages\/182\/revisions"}],"predecessor-version":[{"id":909,"href":"https:\/\/bjorkafristad.cmsp.se\/fi\/wp-json\/wp\/v2\/pages\/182\/revisions\/909"}],"wp:attachment":[{"href":"https:\/\/bjorkafristad.cmsp.se\/fi\/wp-json\/wp\/v2\/media?parent=182"}],"curies":[{"name":"wp","href":"https:\/\/api.w.org\/{rel}","templated":true}]}}