{"id":184,"date":"2020-05-29T10:40:13","date_gmt":"2020-05-29T08:40:13","guid":{"rendered":"http:\/\/bjorkafristad.cmsp.se\/koksredskap\/"},"modified":"2020-08-24T14:34:06","modified_gmt":"2020-08-24T12:34:06","slug":"koksredskap","status":"publish","type":"page","link":"https:\/\/bjorkafristad.cmsp.se\/fi\/koksredskap\/","title":{"rendered":"K\u00f6ksredskap"},"content":{"rendered":"<div class=\"wpb-content-wrapper\"><p>[vc_row el_id=&#8221;inner-top&#8221;][vc_column][vc_column_text css=&#8221;.vc_custom_1590741604313{background-color: #a9986a !important;}&#8221; el_class=&#8221;top-text&#8221;]<\/p>\n<h1>K\u00f6ksredskap<\/h1>\n<p>[\/vc_column_text][vc_single_image image=&#8221;240&#8243; img_size=&#8221;full&#8221; el_class=&#8221;top-img&#8221;][\/vc_column][\/vc_row][vc_row][vc_column width=&#8221;1\/2&#8243;][vc_single_image image=&#8221;244&#8243; img_size=&#8221;full&#8221; alignment=&#8221;center&#8221; onclick=&#8221;link_image&#8221;][\/vc_column][vc_column width=&#8221;1\/2&#8243;][vc_column_text]<\/p>\n<h2>Klassiset ty\u00f6kalut uudessa modernissa vintage-tilassa!<\/h2>\n<p>Ei ole sattumaa, ett\u00e4 Bj\u00f6rkan keitti\u00f6v\u00e4lineet ovat mink\u00e4 kokoisia pienempi\u00e4 kuin perinteiset keitti\u00f6v\u00e4lineet. Oman kokemuksemme ansiosta suuremmista, hankalista keitti\u00f6n keitti\u00f6v\u00e4lineist\u00e4, joiden tuloksena ep\u00e4toivotut m\u00e4\u00e4r\u00e4t ruokaa l\u00e4mmittiv\u00e4t liesille, k\u00e4ytimme hyv\u00e4kseen etuasi, joka sinulla on, kun tuot itse uusia tuotteita. Joten jo luonnosvaiheessa keskityttiin ty\u00f6kaluihin, joiden me itse haluamme heid\u00e4n toimivan ja n\u00e4ytt\u00e4v\u00e4n!<\/p>\n<p>MERKINT\u00c4! Ei saa pest\u00e4 koneella!<\/p>\n<p>Mitat: 250 x 42 x 11 mm<\/p>\n<p>Artikkelinumero: B006[\/vc_column_text][\/vc_column][\/vc_row][vc_row][vc_column][vc_separator color=&#8221;custom&#8221; accent_color=&#8221;#aa9868&#8243;][\/vc_column][\/vc_row][vc_row][vc_column width=&#8221;1\/2&#8243;][vc_column_text]<\/p>\n<h2>Perjantai tacos tai lauantai munakokkelia.<\/h2>\n<p>Puinen haarukka Klockarebolet.<\/p>\n<p>Toimii yht\u00e4 hyvin taco-jauhelihassa kuin risotossa. Puoliympyr\u00e4n muoto ja hieman vahvempi akseli tarkoittavat, ett\u00e4 haarukka on vakaa k\u00e4dess\u00e4 sekoittaen pannua.<\/p>\n<p>MERKINT\u00c4! Ei saa pest\u00e4 koneella!<\/p>\n<p>Mitat: 250 x 42 x 11 mm<\/p>\n<p>Artikkelinumero: B005[\/vc_column_text][\/vc_column][vc_column width=&#8221;1\/2&#8243;][vc_single_image image=&#8221;248&#8243; img_size=&#8221;full&#8221; alignment=&#8221;center&#8221; onclick=&#8221;link_image&#8221;][\/vc_column][\/vc_row][vc_row][vc_column][vc_separator color=&#8221;custom&#8221; accent_color=&#8221;#aa9868&#8243;][\/vc_column][\/vc_row][vc_row][vc_column width=&#8221;1\/2&#8243;][vc_single_image image=&#8221;251&#8243; img_size=&#8221;full&#8221; alignment=&#8221;center&#8221; onclick=&#8221;link_image&#8221;][\/vc_column][vc_column width=&#8221;1\/2&#8243;][vc_column_text]<\/p>\n<h2>Mehukaslle syksyn muhennokselle.<\/h2>\n<p>R\u00f6rslev Klockarebolet.<\/p>\n<p>Ruokohauilla voit helposti sekoittaa rikkaan syksyn muhennosta. Potin roiskumisen ja p\u00e4\u00e4tymisen uuniin riski minimoidaan kauhassa olevan jauhetun uran ansiosta.<\/p>\n<p>MERKINT\u00c4! Ei saa pest\u00e4 koneella!<\/p>\n<p>Mitat: 250 x 42 x 11 mm<\/p>\n<p>Artikkelinumero: B007[\/vc_column_text][\/vc_column][\/vc_row][vc_row][vc_column][vc_separator color=&#8221;custom&#8221; accent_color=&#8221;#aa9868&#8243;][\/vc_column][\/vc_row][vc_row][vc_column width=&#8221;1\/4&#8243;][vc_single_image image=&#8221;447&#8243; img_size=&#8221;full&#8221; alignment=&#8221;center&#8221; onclick=&#8221;link_image&#8221;][\/vc_column][vc_column width=&#8221;1\/4&#8243;][vc_single_image image=&#8221;517&#8243; img_size=&#8221;full&#8221; onclick=&#8221;link_image&#8221;][\/vc_column][vc_column width=&#8221;1\/4&#8243;][vc_single_image image=&#8221;442&#8243; img_size=&#8221;full&#8221; onclick=&#8221;link_image&#8221;][\/vc_column][vc_column width=&#8221;1\/4&#8243;][vc_single_image image=&#8221;522&#8243; img_size=&#8221;full&#8221; onclick=&#8221;link_image&#8221;][\/vc_column][\/vc_row][vc_row][vc_column width=&#8221;1\/4&#8243;][vc_single_image image=&#8221;526&#8243; img_size=&#8221;full&#8221; alignment=&#8221;center&#8221; onclick=&#8221;link_image&#8221;][\/vc_column][vc_column width=&#8221;1\/4&#8243;][vc_single_image image=&#8221;452&#8243; img_size=&#8221;full&#8221; onclick=&#8221;link_image&#8221;][\/vc_column][vc_column width=&#8221;1\/4&#8243;][vc_single_image image=&#8221;468&#8243; img_size=&#8221;full&#8221; onclick=&#8221;link_image&#8221;][\/vc_column][vc_column width=&#8221;1\/4&#8243;][vc_single_image image=&#8221;486&#8243; img_size=&#8221;full&#8221; onclick=&#8221;link_image&#8221;][\/vc_column][\/vc_row]<\/p>\n<\/div>","protected":false},"excerpt":{"rendered":"<p>[vc_row el_id=&#8221;inner-top&#8221;][vc_column][vc_column_text css=&#8221;.vc_custom_1590741604313{background-color: #a9986a !important;}&#8221; el_class=&#8221;top-text&#8221;] K\u00f6ksredskap [\/vc_column_text][vc_single_image image=&#8221;240&#8243; img_size=&#8221;full&#8221; el_class=&#8221;top-img&#8221;][\/vc_column][\/vc_row][vc_row][vc_column width=&#8221;1\/2&#8243;][vc_single_image image=&#8221;244&#8243; img_size=&#8221;full&#8221; alignment=&#8221;center&#8221; onclick=&#8221;link_image&#8221;][\/vc_column][vc_column width=&#8221;1\/2&#8243;][vc_column_text] Klassiset ty\u00f6kalut uudessa modernissa vintage-tilassa! Ei ole sattumaa, ett\u00e4 Bj\u00f6rkan keitti\u00f6v\u00e4lineet ovat mink\u00e4 kokoisia pienempi\u00e4 kuin perinteiset keitti\u00f6v\u00e4lineet. Oman kokemuksemme ansiosta suuremmista, hankalista keitti\u00f6n keitti\u00f6v\u00e4lineist\u00e4, joiden tuloksena ep\u00e4toivotut m\u00e4\u00e4r\u00e4t ruokaa l\u00e4mmittiv\u00e4t liesille, k\u00e4ytimme hyv\u00e4kseen etuasi, joka sinulla on, [&hellip;]<\/p>\n","protected":false},"author":4,"featured_media":0,"parent":0,"menu_order":0,"comment_status":"closed","ping_status":"closed","template":"","meta":{"footnotes":""},"class_list":["post-184","page","type-page","status-publish","hentry"],"_links":{"self":[{"href":"https:\/\/bjorkafristad.cmsp.se\/fi\/wp-json\/wp\/v2\/pages\/184","targetHints":{"allow":["GET"]}}],"collection":[{"href":"https:\/\/bjorkafristad.cmsp.se\/fi\/wp-json\/wp\/v2\/pages"}],"about":[{"href":"https:\/\/bjorkafristad.cmsp.se\/fi\/wp-json\/wp\/v2\/types\/page"}],"author":[{"embeddable":true,"href":"https:\/\/bjorkafristad.cmsp.se\/fi\/wp-json\/wp\/v2\/users\/4"}],"replies":[{"embeddable":true,"href":"https:\/\/bjorkafristad.cmsp.se\/fi\/wp-json\/wp\/v2\/comments?post=184"}],"version-history":[{"count":5,"href":"https:\/\/bjorkafristad.cmsp.se\/fi\/wp-json\/wp\/v2\/pages\/184\/revisions"}],"predecessor-version":[{"id":948,"href":"https:\/\/bjorkafristad.cmsp.se\/fi\/wp-json\/wp\/v2\/pages\/184\/revisions\/948"}],"wp:attachment":[{"href":"https:\/\/bjorkafristad.cmsp.se\/fi\/wp-json\/wp\/v2\/media?parent=184"}],"curies":[{"name":"wp","href":"https:\/\/api.w.org\/{rel}","templated":true}]}}