{"id":186,"date":"2020-05-29T10:40:42","date_gmt":"2020-05-29T08:40:42","guid":{"rendered":"http:\/\/bjorkafristad.cmsp.se\/pincett\/"},"modified":"2020-08-24T10:22:38","modified_gmt":"2020-08-24T08:22:38","slug":"pincett","status":"publish","type":"page","link":"https:\/\/bjorkafristad.cmsp.se\/fi\/pincett\/","title":{"rendered":"Pincett"},"content":{"rendered":"<div class=\"wpb-content-wrapper\"><p>[vc_row el_id=&#8221;inner-top&#8221;][vc_column][vc_column_text css=&#8221;.vc_custom_1590741634704{background-color: #a9986a !important;}&#8221; el_class=&#8221;top-text&#8221;]<\/p>\n<h1>Pincett<\/h1>\n<p>[\/vc_column_text][vc_single_image image=&#8221;511&#8243; img_size=&#8221;full&#8221; el_class=&#8221;top-img&#8221;][\/vc_column][\/vc_row][vc_row][vc_column width=&#8221;1\/2&#8243;][vc_single_image image=&#8221;257&#8243; img_size=&#8221;full&#8221; alignment=&#8221;center&#8221; onclick=&#8221;link_image&#8221;][\/vc_column][vc_column width=&#8221;1\/2&#8243;][vc_column_text]<\/p>\n<h2>Valitse suosikkisi.<\/h2>\n<p>Bj\u00f6rkan 18 cm pitkill\u00e4 &#8221;Tingk\u00e4llan&#8221; -pinsiteill\u00e4 voit helposti valita tapas-tarvikkeitasi, leiv\u00e4np\u00e4\u00e4llisi\u00e4, oliiveja tai muita hyvi\u00e4 v\u00e4lipaloja, sek\u00e4 hygieenisi\u00e4 ett\u00e4 ymp\u00e4rist\u00f6yst\u00e4v\u00e4llisi\u00e4!<\/p>\n<p>MERKINT\u00c4! Ei saa pest\u00e4 koneella!<\/p>\n<p>Mitat: 180 x 31 x 9 mm<\/p>\n<p>Artikkelinumero: B001[\/vc_column_text][\/vc_column][\/vc_row][vc_row][vc_column][vc_separator color=&#8221;custom&#8221; accent_color=&#8221;#aa9868&#8243;][\/vc_column][\/vc_row][vc_row][vc_column width=&#8221;1\/2&#8243;][vc_column_text]<\/p>\n<h2>Yksinkertainen on mukavaa.<\/h2>\n<p>Pinsetill\u00e4 p\u00f6yd\u00e4ll\u00e4 vieraat voivat helposti ja sujuvasti poimia herkkuja. Se, ett\u00e4 se n\u00e4ytt\u00e4\u00e4 my\u00f6s eritt\u00e4in hyv\u00e4lt\u00e4, kun puunkorjuutikku on sijoitettu jokaiseen tynnyriin, on vain bonus.[\/vc_column_text][\/vc_column][vc_column width=&#8221;1\/2&#8243;][vc_single_image image=&#8221;499&#8243; img_size=&#8221;full&#8221; alignment=&#8221;center&#8221; onclick=&#8221;link_image&#8221;][\/vc_column][\/vc_row][vc_row][vc_column][vc_separator color=&#8221;custom&#8221; accent_color=&#8221;#aa9868&#8243;][\/vc_column][\/vc_row][vc_row][vc_column width=&#8221;1\/4&#8243;][vc_single_image image=&#8221;504&#8243; img_size=&#8221;full&#8221; alignment=&#8221;center&#8221; onclick=&#8221;link_image&#8221;][\/vc_column][vc_column width=&#8221;1\/4&#8243;][vc_single_image image=&#8221;425&#8243; img_size=&#8221;full&#8221; onclick=&#8221;link_image&#8221;][\/vc_column][vc_column width=&#8221;1\/4&#8243;][vc_single_image image=&#8221;316&#8243; img_size=&#8221;full&#8221; onclick=&#8221;link_image&#8221;][\/vc_column][vc_column width=&#8221;1\/4&#8243;][vc_single_image image=&#8221;390&#8243; img_size=&#8221;full&#8221; onclick=&#8221;link_image&#8221;][\/vc_column][\/vc_row]<\/p>\n<\/div>","protected":false},"excerpt":{"rendered":"<p>[vc_row el_id=&#8221;inner-top&#8221;][vc_column][vc_column_text css=&#8221;.vc_custom_1590741634704{background-color: #a9986a !important;}&#8221; el_class=&#8221;top-text&#8221;] Pincett [\/vc_column_text][vc_single_image image=&#8221;511&#8243; img_size=&#8221;full&#8221; el_class=&#8221;top-img&#8221;][\/vc_column][\/vc_row][vc_row][vc_column width=&#8221;1\/2&#8243;][vc_single_image image=&#8221;257&#8243; img_size=&#8221;full&#8221; alignment=&#8221;center&#8221; onclick=&#8221;link_image&#8221;][\/vc_column][vc_column width=&#8221;1\/2&#8243;][vc_column_text] Valitse suosikkisi. Bj\u00f6rkan 18 cm pitkill\u00e4 &#8221;Tingk\u00e4llan&#8221; -pinsiteill\u00e4 voit helposti valita tapas-tarvikkeitasi, leiv\u00e4np\u00e4\u00e4llisi\u00e4, oliiveja tai muita hyvi\u00e4 v\u00e4lipaloja, sek\u00e4 hygieenisi\u00e4 ett\u00e4 ymp\u00e4rist\u00f6yst\u00e4v\u00e4llisi\u00e4! MERKINT\u00c4! Ei saa pest\u00e4 koneella! Mitat: 180 x 31 x 9 mm Artikkelinumero: B001[\/vc_column_text][\/vc_column][\/vc_row][vc_row][vc_column][vc_separator color=&#8221;custom&#8221; accent_color=&#8221;#aa9868&#8243;][\/vc_column][\/vc_row][vc_row][vc_column [&hellip;]<\/p>\n","protected":false},"author":4,"featured_media":0,"parent":0,"menu_order":0,"comment_status":"closed","ping_status":"closed","template":"","meta":{"footnotes":""},"class_list":["post-186","page","type-page","status-publish","hentry"],"_links":{"self":[{"href":"https:\/\/bjorkafristad.cmsp.se\/fi\/wp-json\/wp\/v2\/pages\/186","targetHints":{"allow":["GET"]}}],"collection":[{"href":"https:\/\/bjorkafristad.cmsp.se\/fi\/wp-json\/wp\/v2\/pages"}],"about":[{"href":"https:\/\/bjorkafristad.cmsp.se\/fi\/wp-json\/wp\/v2\/types\/page"}],"author":[{"embeddable":true,"href":"https:\/\/bjorkafristad.cmsp.se\/fi\/wp-json\/wp\/v2\/users\/4"}],"replies":[{"embeddable":true,"href":"https:\/\/bjorkafristad.cmsp.se\/fi\/wp-json\/wp\/v2\/comments?post=186"}],"version-history":[{"count":5,"href":"https:\/\/bjorkafristad.cmsp.se\/fi\/wp-json\/wp\/v2\/pages\/186\/revisions"}],"predecessor-version":[{"id":911,"href":"https:\/\/bjorkafristad.cmsp.se\/fi\/wp-json\/wp\/v2\/pages\/186\/revisions\/911"}],"wp:attachment":[{"href":"https:\/\/bjorkafristad.cmsp.se\/fi\/wp-json\/wp\/v2\/media?parent=186"}],"curies":[{"name":"wp","href":"https:\/\/api.w.org\/{rel}","templated":true}]}}