{"id":188,"date":"2020-05-29T10:41:24","date_gmt":"2020-05-29T08:41:24","guid":{"rendered":"http:\/\/bjorkafristad.cmsp.se\/salladsbestick\/"},"modified":"2020-08-24T09:44:39","modified_gmt":"2020-08-24T07:44:39","slug":"salladsbestick","status":"publish","type":"page","link":"https:\/\/bjorkafristad.cmsp.se\/fi\/salladsbestick\/","title":{"rendered":"Salladsbestick"},"content":{"rendered":"<div class=\"wpb-content-wrapper\"><p>[vc_row el_id=&#8221;inner-top&#8221;][vc_column][vc_column_text css=&#8221;.vc_custom_1590741677111{background-color: #a9986a !important;}&#8221; el_class=&#8221;top-text&#8221;]<\/p>\n<h1>Salladsbestick<\/h1>\n<p>[\/vc_column_text][vc_single_image image=&#8221;535&#8243; img_size=&#8221;full&#8221; el_class=&#8221;top-img&#8221;][\/vc_column][\/vc_row][vc_row][vc_column width=&#8221;1\/2&#8243;][vc_single_image image=&#8221;540&#8243; img_size=&#8221;full&#8221; alignment=&#8221;center&#8221; onclick=&#8221;link_image&#8221;][\/vc_column][vc_column width=&#8221;1\/2&#8243;][vc_column_text]<\/p>\n<h2>Vihre\u00e4 on hyv\u00e4.<\/h2>\n<p>Kaunis ja herkullinen salaatti ansaitsee tarjoilun kauniilla salaatin ruokailuv\u00e4lineill\u00e4! Ja tieto siit\u00e4, ett\u00e4 Bj\u00f6rkan salaatin ruokailuv\u00e4lineet on valmistettu Ruotsissa ruotsin koivusta ja joilla on ehdottoman v\u00e4h\u00e4n ymp\u00e4rist\u00f6vaikutuksia, tekee salaatin mausta entist\u00e4 puhtaamman, raikkaamman ja terveellisemm\u00e4n.<\/p>\n<p>MERKINT\u00c4! Ei saa pest\u00e4 koneella!<\/p>\n<p>Mitat: 250 x 42 x 11 mm<\/p>\n<p>Artikkelinumero: B003[\/vc_column_text][\/vc_column][\/vc_row][vc_row][vc_column][vc_separator color=&#8221;custom&#8221; accent_color=&#8221;#aa9868&#8243;][\/vc_column][\/vc_row][vc_row][vc_column width=&#8221;1\/2&#8243;][vc_column_text]<\/p>\n<h2>Enemm\u00e4n tai v\u00e4hemm\u00e4n vinaigrette!<\/h2>\n<p>Bj\u00f6rka Fristadin M\u00f6larpin salaattiateruilla ei tarvitse salata salaatin viinitilpi\u00e4, koska yhdell\u00e4 kanalla on jauhettu tyhjennysreik\u00e4.<\/p>\n<p>MERKINT\u00c4! Ei saa pest\u00e4 koneella![\/vc_column_text][\/vc_column][vc_column width=&#8221;1\/2&#8243;][vc_single_image image=&#8221;378&#8243; img_size=&#8221;full&#8221; alignment=&#8221;center&#8221; onclick=&#8221;link_image&#8221;][\/vc_column][\/vc_row][vc_row][vc_column][vc_separator color=&#8221;custom&#8221; accent_color=&#8221;#aa9868&#8243;][\/vc_column][\/vc_row][vc_row][vc_column width=&#8221;1\/4&#8243;][vc_single_image image=&#8221;312&#8243; img_size=&#8221;full&#8221; alignment=&#8221;center&#8221; onclick=&#8221;link_image&#8221;][\/vc_column][vc_column width=&#8221;1\/4&#8243;][vc_single_image image=&#8221;545&#8243; img_size=&#8221;full&#8221; onclick=&#8221;link_image&#8221;][\/vc_column][vc_column width=&#8221;1\/4&#8243;][vc_single_image image=&#8221;549&#8243; img_size=&#8221;full&#8221; onclick=&#8221;link_image&#8221;][\/vc_column][vc_column width=&#8221;1\/4&#8243;][vc_single_image image=&#8221;552&#8243; img_size=&#8221;full&#8221; onclick=&#8221;link_image&#8221;][\/vc_column][\/vc_row]<\/p>\n<\/div>","protected":false},"excerpt":{"rendered":"<p>[vc_row el_id=&#8221;inner-top&#8221;][vc_column][vc_column_text css=&#8221;.vc_custom_1590741677111{background-color: #a9986a !important;}&#8221; el_class=&#8221;top-text&#8221;] Salladsbestick [\/vc_column_text][vc_single_image image=&#8221;535&#8243; img_size=&#8221;full&#8221; el_class=&#8221;top-img&#8221;][\/vc_column][\/vc_row][vc_row][vc_column width=&#8221;1\/2&#8243;][vc_single_image image=&#8221;540&#8243; img_size=&#8221;full&#8221; alignment=&#8221;center&#8221; onclick=&#8221;link_image&#8221;][\/vc_column][vc_column width=&#8221;1\/2&#8243;][vc_column_text] Vihre\u00e4 on hyv\u00e4. Kaunis ja herkullinen salaatti ansaitsee tarjoilun kauniilla salaatin ruokailuv\u00e4lineill\u00e4! Ja tieto siit\u00e4, ett\u00e4 Bj\u00f6rkan salaatin ruokailuv\u00e4lineet on valmistettu Ruotsissa ruotsin koivusta ja joilla on ehdottoman v\u00e4h\u00e4n ymp\u00e4rist\u00f6vaikutuksia, tekee salaatin mausta entist\u00e4 puhtaamman, raikkaamman ja terveellisemm\u00e4n. [&hellip;]<\/p>\n","protected":false},"author":4,"featured_media":0,"parent":0,"menu_order":0,"comment_status":"closed","ping_status":"closed","template":"","meta":{"footnotes":""},"class_list":["post-188","page","type-page","status-publish","hentry"],"_links":{"self":[{"href":"https:\/\/bjorkafristad.cmsp.se\/fi\/wp-json\/wp\/v2\/pages\/188","targetHints":{"allow":["GET"]}}],"collection":[{"href":"https:\/\/bjorkafristad.cmsp.se\/fi\/wp-json\/wp\/v2\/pages"}],"about":[{"href":"https:\/\/bjorkafristad.cmsp.se\/fi\/wp-json\/wp\/v2\/types\/page"}],"author":[{"embeddable":true,"href":"https:\/\/bjorkafristad.cmsp.se\/fi\/wp-json\/wp\/v2\/users\/4"}],"replies":[{"embeddable":true,"href":"https:\/\/bjorkafristad.cmsp.se\/fi\/wp-json\/wp\/v2\/comments?post=188"}],"version-history":[{"count":5,"href":"https:\/\/bjorkafristad.cmsp.se\/fi\/wp-json\/wp\/v2\/pages\/188\/revisions"}],"predecessor-version":[{"id":902,"href":"https:\/\/bjorkafristad.cmsp.se\/fi\/wp-json\/wp\/v2\/pages\/188\/revisions\/902"}],"wp:attachment":[{"href":"https:\/\/bjorkafristad.cmsp.se\/fi\/wp-json\/wp\/v2\/media?parent=188"}],"curies":[{"name":"wp","href":"https:\/\/api.w.org\/{rel}","templated":true}]}}