{"id":190,"date":"2020-05-29T10:39:36","date_gmt":"2020-05-29T08:39:36","guid":{"rendered":"http:\/\/bjorkafristad.cmsp.se\/salladsset-sik\/"},"modified":"2020-08-24T09:43:40","modified_gmt":"2020-08-24T07:43:40","slug":"salladsset-sik","status":"publish","type":"page","link":"https:\/\/bjorkafristad.cmsp.se\/fi\/salladsset-sik\/","title":{"rendered":"Salladsset &#8211; M\u00f6larp"},"content":{"rendered":"<div class=\"wpb-content-wrapper\"><p>[vc_row el_id=&#8221;inner-top&#8221;][vc_column][vc_column_text css=&#8221;.vc_custom_1590741569810{background-color: #a9986a !important;}&#8221; el_class=&#8221;top-text&#8221;]<\/p>\n<h1>Salladsset | M\u00f6larp<\/h1>\n<p>[\/vc_column_text][vc_single_image image=&#8221;223&#8243; img_size=&#8221;full&#8221; el_class=&#8221;top-img&#8221;][\/vc_column][\/vc_row][vc_row][vc_column width=&#8221;1\/2&#8243;][vc_single_image image=&#8221;353&#8243; img_size=&#8221;full&#8221; alignment=&#8221;center&#8221; onclick=&#8221;link_image&#8221;][\/vc_column][vc_column width=&#8221;1\/2&#8243;][vc_column_text]<\/p>\n<h2>Tarjoile salaatti tyylikk\u00e4\u00e4sti<\/h2>\n<p>Salaattia voi olla niin paljon: vain pieni vihre\u00e4 p\u00e4iv\u00e4lliselle tai tuore, v\u00e4rik\u00e4s ja upea ateria sin\u00e4ns\u00e4. Siit\u00e4 huolimatta se ansaitsee tyylikk\u00e4\u00e4n tarjoilun! Bj\u00f6rka Fristadin M\u00f6larpin salaattiateruilla ei my\u00f6sk\u00e4\u00e4n tarvitse rypist\u00e4\u00e4 salaatissa olevaa viiniryp\u00e4lett\u00e4, koska yhdell\u00e4 kanalla on jauhettu tyhjennysaukko.<\/p>\n<p>MERKINT\u00c4! Ei saa pest\u00e4 koneella!<\/p>\n<p>Mitat: 268 x 120 x 36 mm<\/p>\n<p>Artikkelinumero: B004[\/vc_column_text][\/vc_column][\/vc_row][vc_row][vc_column][vc_separator color=&#8221;custom&#8221; accent_color=&#8221;#aa9868&#8243;][\/vc_column][\/vc_row][vc_row][vc_column width=&#8221;1\/2&#8243;][vc_column_text]<\/p>\n<h2>Minimaalinen pakkausmateriaalin kanssa!<\/h2>\n<p>Bj\u00f6rka-sarjalla haluamme saavuttaa mahdollisimman v\u00e4h\u00e4n tarpeettomia ymp\u00e4rist\u00f6vaikutuksia. Siksi laatikon molemmilla osilla on osittain toiminnallisia teht\u00e4vi\u00e4 mm. leip\u00e4leikkuulauta, juustoalusta tai tarjoilulautanen. Ja tietysti salaatin ruokailuv\u00e4lineiden varastointi. Mutta ne yhdess\u00e4 informatiivisen painetun kannen kanssa muodostavat ulkopakkauksen kuljetuksen aikana.[\/vc_column_text][\/vc_column][vc_column width=&#8221;1\/2&#8243;][vc_single_image image=&#8221;227&#8243; img_size=&#8221;full&#8221; alignment=&#8221;center&#8221; onclick=&#8221;link_image&#8221;][\/vc_column][\/vc_row][vc_row][vc_column][vc_separator color=&#8221;custom&#8221; accent_color=&#8221;#aa9868&#8243;][\/vc_column][\/vc_row][vc_row][vc_column width=&#8221;1\/2&#8243;][vc_single_image image=&#8221;358&#8243; img_size=&#8221;full&#8221; alignment=&#8221;center&#8221; onclick=&#8221;link_image&#8221;][\/vc_column][vc_column width=&#8221;1\/2&#8243;][vc_column_text]<\/p>\n<h2>Leikkuulauta tai tarjoiluastia?<\/h2>\n<p>Tarpeista riippuen yht\u00e4 laatikon puolta voidaan k\u00e4ytt\u00e4\u00e4 kahdella eri tavalla. Yksi puoli leiv\u00e4n leikkuulautaksi ja siin\u00e4 on sitten jauhetut urat leiv\u00e4nmuruja varten ja toinen puoli tarjoiluastiana erilaisille lis\u00e4laitteille esim. salaatti.[\/vc_column_text][\/vc_column][\/vc_row][vc_row][vc_column][vc_separator color=&#8221;custom&#8221; accent_color=&#8221;#aa9868&#8243;][\/vc_column][\/vc_row][vc_row][vc_column width=&#8221;1\/2&#8243;][vc_column_text]<\/p>\n<h2>Sarja, jossa on useita toimintoja.<\/h2>\n<p>Bj\u00f6rkan Salatesetti M\u00f6larpilla saat salaatin ruokailuv\u00e4lineit\u00e4, leikkuulaudat ja tarjoiluateriat yhdess\u00e4! Mukavasti ja k\u00e4tev\u00e4sti pakattu samaan laatikkoon, joka vaatii v\u00e4h\u00e4n tilaa keitti\u00f6n kaapista.[\/vc_column_text][\/vc_column][vc_column width=&#8221;1\/2&#8243;][vc_single_image image=&#8221;362&#8243; img_size=&#8221;full&#8221; alignment=&#8221;center&#8221; onclick=&#8221;link_image&#8221;][\/vc_column][\/vc_row][vc_row][vc_column][vc_separator color=&#8221;custom&#8221; accent_color=&#8221;#aa9868&#8243;][\/vc_column][\/vc_row][vc_row][vc_column width=&#8221;1\/4&#8243;][vc_single_image image=&#8221;374&#8243; img_size=&#8221;full&#8221; alignment=&#8221;center&#8221; onclick=&#8221;link_image&#8221;][vc_single_image image=&#8221;353&#8243; img_size=&#8221;full&#8221; onclick=&#8221;link_image&#8221;][\/vc_column][vc_column width=&#8221;1\/4&#8243;][vc_single_image image=&#8221;227&#8243; img_size=&#8221;full&#8221; onclick=&#8221;link_image&#8221;][vc_single_image image=&#8221;378&#8243; img_size=&#8221;full&#8221; onclick=&#8221;link_image&#8221;][\/vc_column][vc_column width=&#8221;1\/4&#8243;][vc_single_image image=&#8221;409&#8243; img_size=&#8221;full&#8221; onclick=&#8221;link_image&#8221;][vc_single_image image=&#8221;386&#8243; img_size=&#8221;full&#8221; onclick=&#8221;link_image&#8221;][\/vc_column][vc_column width=&#8221;1\/4&#8243;][vc_single_image image=&#8221;312&#8243; img_size=&#8221;full&#8221; onclick=&#8221;link_image&#8221;][vc_single_image image=&#8221;382&#8243; img_size=&#8221;full&#8221; onclick=&#8221;link_image&#8221;][\/vc_column][\/vc_row]<\/p>\n<\/div>","protected":false},"excerpt":{"rendered":"<p>[vc_row el_id=&#8221;inner-top&#8221;][vc_column][vc_column_text css=&#8221;.vc_custom_1590741569810{background-color: #a9986a !important;}&#8221; el_class=&#8221;top-text&#8221;] Salladsset | M\u00f6larp [\/vc_column_text][vc_single_image image=&#8221;223&#8243; img_size=&#8221;full&#8221; el_class=&#8221;top-img&#8221;][\/vc_column][\/vc_row][vc_row][vc_column width=&#8221;1\/2&#8243;][vc_single_image image=&#8221;353&#8243; img_size=&#8221;full&#8221; alignment=&#8221;center&#8221; onclick=&#8221;link_image&#8221;][\/vc_column][vc_column width=&#8221;1\/2&#8243;][vc_column_text] Tarjoile salaatti tyylikk\u00e4\u00e4sti Salaattia voi olla niin paljon: vain pieni vihre\u00e4 p\u00e4iv\u00e4lliselle tai tuore, v\u00e4rik\u00e4s ja upea ateria sin\u00e4ns\u00e4. Siit\u00e4 huolimatta se ansaitsee tyylikk\u00e4\u00e4n tarjoilun! Bj\u00f6rka Fristadin M\u00f6larpin salaattiateruilla ei my\u00f6sk\u00e4\u00e4n tarvitse rypist\u00e4\u00e4 salaatissa olevaa viiniryp\u00e4lett\u00e4, [&hellip;]<\/p>\n","protected":false},"author":4,"featured_media":0,"parent":0,"menu_order":0,"comment_status":"closed","ping_status":"closed","template":"","meta":{"footnotes":""},"class_list":["post-190","page","type-page","status-publish","hentry"],"_links":{"self":[{"href":"https:\/\/bjorkafristad.cmsp.se\/fi\/wp-json\/wp\/v2\/pages\/190","targetHints":{"allow":["GET"]}}],"collection":[{"href":"https:\/\/bjorkafristad.cmsp.se\/fi\/wp-json\/wp\/v2\/pages"}],"about":[{"href":"https:\/\/bjorkafristad.cmsp.se\/fi\/wp-json\/wp\/v2\/types\/page"}],"author":[{"embeddable":true,"href":"https:\/\/bjorkafristad.cmsp.se\/fi\/wp-json\/wp\/v2\/users\/4"}],"replies":[{"embeddable":true,"href":"https:\/\/bjorkafristad.cmsp.se\/fi\/wp-json\/wp\/v2\/comments?post=190"}],"version-history":[{"count":6,"href":"https:\/\/bjorkafristad.cmsp.se\/fi\/wp-json\/wp\/v2\/pages\/190\/revisions"}],"predecessor-version":[{"id":900,"href":"https:\/\/bjorkafristad.cmsp.se\/fi\/wp-json\/wp\/v2\/pages\/190\/revisions\/900"}],"wp:attachment":[{"href":"https:\/\/bjorkafristad.cmsp.se\/fi\/wp-json\/wp\/v2\/media?parent=190"}],"curies":[{"name":"wp","href":"https:\/\/api.w.org\/{rel}","templated":true}]}}