{"id":193,"date":"2020-05-29T10:38:37","date_gmt":"2020-05-29T08:38:37","guid":{"rendered":"http:\/\/bjorkafristad.cmsp.se\/tapasset-molarp\/"},"modified":"2020-08-24T09:43:14","modified_gmt":"2020-08-24T07:43:14","slug":"tapasset-molarp","status":"publish","type":"page","link":"https:\/\/bjorkafristad.cmsp.se\/fi\/tapasset-molarp\/","title":{"rendered":"Tapas set &#8211; Tingk\u00e4llan"},"content":{"rendered":"<div class=\"wpb-content-wrapper\"><p>[vc_row el_id=&#8221;inner-top&#8221;][vc_column][vc_column_text css=&#8221;.vc_custom_1590741500915{background-color: #a9986a !important;}&#8221; el_class=&#8221;top-text&#8221;]<\/p>\n<h1>Tapas set | Tingk\u00e4llan<\/h1>\n<p>[\/vc_column_text][vc_single_image image=&#8221;231&#8243; img_size=&#8221;full&#8221; el_class=&#8221;top-img&#8221;][\/vc_column][\/vc_row][vc_row][vc_column width=&#8221;1\/2&#8243;][vc_single_image image=&#8221;399&#8243; img_size=&#8221;full&#8221; alignment=&#8221;center&#8221; onclick=&#8221;link_image&#8221;][\/vc_column][vc_column width=&#8221;1\/2&#8243;][vc_column_text]<\/p>\n<h2>Juhliin tai p\u00e4ivitt\u00e4in?<\/h2>\n<p>Miksi et tee juhlia joka p\u00e4iv\u00e4? Bj\u00f6rkas Tapas -sarjan ja joidenkin hyvien tarvikkeiden, kuten. oliiveja, cocktail-tomaatteja ja monia muita valinnaisia \u200b\u200bvihanneksia sek\u00e4 omia suosikkejasi charcuterie-tiskilt\u00e4, \u200b\u200bmist\u00e4 tahansa arjesta tulee heti juhlava.<\/p>\n<p>MERKINT\u00c4! Ei saa pest\u00e4 koneella!<\/p>\n<p>Mitat: 210 x 95 x 36 mm<\/p>\n<p>Artikkelinumero: B002[\/vc_column_text][\/vc_column][\/vc_row][vc_row][vc_column][vc_separator color=&#8221;custom&#8221; accent_color=&#8221;#aa9868&#8243;][\/vc_column][\/vc_row][vc_row][vc_column width=&#8221;1\/2&#8243;][vc_column_text]<\/p>\n<h2>Minimaalinen pakkausmateriaalin kanssa!<\/h2>\n<p>Bj\u00f6rka Fristad -sarjassa haluamme saavuttaa mahdollisimman v\u00e4h\u00e4n tarpeettomia ymp\u00e4rist\u00f6vaikutuksia. Siksi laatikon molemmilla osilla on osittain toiminnallisia teht\u00e4vi\u00e4 mm. juustovaatio ja tarjoilulautailu. Ja tietysti kahden pinsetin s\u00e4ilytys. Mutta ne yhdess\u00e4 informatiivisen painetun kannen kanssa muodostavat ulkopakkauksen kuljetuksen aikana.[\/vc_column_text][\/vc_column][vc_column width=&#8221;1\/2&#8243;][vc_single_image image=&#8221;236&#8243; img_size=&#8221;full&#8221; alignment=&#8221;center&#8221; onclick=&#8221;link_image&#8221;][\/vc_column][\/vc_row][vc_row][vc_column][vc_separator color=&#8221;custom&#8221; accent_color=&#8221;#aa9868&#8243;][\/vc_column][\/vc_row][vc_row][vc_column width=&#8221;1\/2&#8243;][vc_single_image image=&#8221;395&#8243; img_size=&#8221;full&#8221; alignment=&#8221;center&#8221; onclick=&#8221;link_image&#8221;][\/vc_column][vc_column width=&#8221;1\/2&#8243;][vc_column_text]<\/p>\n<h2>Valitse suosikkisi!<\/h2>\n<p>Bj\u00f6rkan 18 cm pitkill\u00e4 pinsetteill\u00e4 &#8221;Tingk\u00e4llan&#8221; voit helposti valita tapas-tarvikkeitasi, leivonnaisia, oliiveja tai muita hyvi\u00e4 v\u00e4lipaloja.[\/vc_column_text][\/vc_column][\/vc_row][vc_row][vc_column][vc_separator color=&#8221;custom&#8221; accent_color=&#8221;#aa9868&#8243;][\/vc_column][\/vc_row][vc_row][vc_column width=&#8221;1\/2&#8243;][vc_column_text]<\/p>\n<h2>Apuohjelma<\/h2>\n<p>Bj\u00f6rkas Tapas -sarja Tingk\u00e4llan sopii yht\u00e4 hyvin illallisp\u00f6yt\u00e4\u00e4n kutsujen yhteydess\u00e4, sohvap\u00f6yd\u00e4lle elokuvateatterilla tai piknikpeitolle retkell\u00e4.[\/vc_column_text][\/vc_column][vc_column width=&#8221;1\/2&#8243;][vc_single_image image=&#8221;390&#8243; img_size=&#8221;full&#8221; alignment=&#8221;center&#8221; onclick=&#8221;link_image&#8221;][\/vc_column][\/vc_row][vc_row][vc_column][vc_separator color=&#8221;custom&#8221; accent_color=&#8221;#aa9868&#8243;][\/vc_column][\/vc_row][vc_row][vc_column width=&#8221;1\/4&#8243;][vc_single_image image=&#8221;404&#8243; img_size=&#8221;full&#8221; alignment=&#8221;center&#8221; onclick=&#8221;link_image&#8221;][\/vc_column][vc_column width=&#8221;1\/4&#8243;][vc_single_image image=&#8221;414&#8243; img_size=&#8221;full&#8221; onclick=&#8221;link_image&#8221;][\/vc_column][vc_column width=&#8221;1\/4&#8243;][vc_single_image image=&#8221;257&#8243; img_size=&#8221;full&#8221; onclick=&#8221;link_image&#8221;][\/vc_column][vc_column width=&#8221;1\/4&#8243;][vc_single_image image=&#8221;419&#8243; img_size=&#8221;full&#8221; onclick=&#8221;link_image&#8221;][\/vc_column][\/vc_row][vc_row][vc_column width=&#8221;1\/4&#8243;][vc_single_image image=&#8221;236&#8243; img_size=&#8221;full&#8221; alignment=&#8221;center&#8221; onclick=&#8221;link_image&#8221;][\/vc_column][vc_column width=&#8221;1\/4&#8243;][vc_single_image image=&#8221;425&#8243; img_size=&#8221;full&#8221; onclick=&#8221;link_image&#8221;][\/vc_column][vc_column width=&#8221;1\/4&#8243;][vc_single_image image=&#8221;429&#8243; img_size=&#8221;full&#8221; onclick=&#8221;link_image&#8221;][\/vc_column][vc_column width=&#8221;1\/4&#8243;][vc_single_image image=&#8221;438&#8243; img_size=&#8221;full&#8221; onclick=&#8221;link_image&#8221;][\/vc_column][\/vc_row]<\/p>\n<\/div>","protected":false},"excerpt":{"rendered":"<p>[vc_row el_id=&#8221;inner-top&#8221;][vc_column][vc_column_text css=&#8221;.vc_custom_1590741500915{background-color: #a9986a !important;}&#8221; el_class=&#8221;top-text&#8221;] Tapas set | Tingk\u00e4llan [\/vc_column_text][vc_single_image image=&#8221;231&#8243; img_size=&#8221;full&#8221; el_class=&#8221;top-img&#8221;][\/vc_column][\/vc_row][vc_row][vc_column width=&#8221;1\/2&#8243;][vc_single_image image=&#8221;399&#8243; img_size=&#8221;full&#8221; alignment=&#8221;center&#8221; onclick=&#8221;link_image&#8221;][\/vc_column][vc_column width=&#8221;1\/2&#8243;][vc_column_text] Juhliin tai p\u00e4ivitt\u00e4in? Miksi et tee juhlia joka p\u00e4iv\u00e4? Bj\u00f6rkas Tapas -sarjan ja joidenkin hyvien tarvikkeiden, kuten. oliiveja, cocktail-tomaatteja ja monia muita valinnaisia \u200b\u200bvihanneksia sek\u00e4 omia suosikkejasi charcuterie-tiskilt\u00e4, \u200b\u200bmist\u00e4 tahansa arjesta tulee heti juhlava. MERKINT\u00c4! [&hellip;]<\/p>\n","protected":false},"author":4,"featured_media":0,"parent":0,"menu_order":0,"comment_status":"closed","ping_status":"closed","template":"","meta":{"footnotes":""},"class_list":["post-193","page","type-page","status-publish","hentry"],"_links":{"self":[{"href":"https:\/\/bjorkafristad.cmsp.se\/fi\/wp-json\/wp\/v2\/pages\/193","targetHints":{"allow":["GET"]}}],"collection":[{"href":"https:\/\/bjorkafristad.cmsp.se\/fi\/wp-json\/wp\/v2\/pages"}],"about":[{"href":"https:\/\/bjorkafristad.cmsp.se\/fi\/wp-json\/wp\/v2\/types\/page"}],"author":[{"embeddable":true,"href":"https:\/\/bjorkafristad.cmsp.se\/fi\/wp-json\/wp\/v2\/users\/4"}],"replies":[{"embeddable":true,"href":"https:\/\/bjorkafristad.cmsp.se\/fi\/wp-json\/wp\/v2\/comments?post=193"}],"version-history":[{"count":6,"href":"https:\/\/bjorkafristad.cmsp.se\/fi\/wp-json\/wp\/v2\/pages\/193\/revisions"}],"predecessor-version":[{"id":899,"href":"https:\/\/bjorkafristad.cmsp.se\/fi\/wp-json\/wp\/v2\/pages\/193\/revisions\/899"}],"wp:attachment":[{"href":"https:\/\/bjorkafristad.cmsp.se\/fi\/wp-json\/wp\/v2\/media?parent=193"}],"curies":[{"name":"wp","href":"https:\/\/api.w.org\/{rel}","templated":true}]}}