{"id":76,"date":"2019-01-01T19:07:54","date_gmt":"2019-01-01T18:07:54","guid":{"rendered":"http:\/\/bjorkafristad.cmsp.se\/?page_id=76"},"modified":"2020-08-24T15:03:04","modified_gmt":"2020-08-24T13:03:04","slug":"hem","status":"publish","type":"page","link":"https:\/\/bjorkafristad.cmsp.se\/fi\/","title":{"rendered":"Etusivu"},"content":{"rendered":"<div class=\"wpb-content-wrapper\"><p>[vc_row][vc_column css=&#8221;.vc_custom_1597061230756{padding-right: 0px !important;padding-left: 0px !important;}&#8221;][vc_column_text css=&#8221;.vc_custom_1597060992884{margin-bottom: 0px !important;}&#8221;]<div id=\"metaslider-id-626\" style=\"max-width: 1090px; margin: 0 auto;\" class=\"ml-slider-3-107-0 metaslider metaslider-responsive metaslider-626 ml-slider ms-theme-nivo-light\" role=\"region\" aria-label=\"Nytt bildspel\" data-height=\"613\" data-width=\"1090\">\n    <div id=\"metaslider_container_626\">\n        <ul id='metaslider_626' class='rslides'>\n            <li aria-roledescription='slide' aria-labelledby='slide-0'><img loading=\"lazy\" decoding=\"async\" src=\"\/files\/Start_1-1.jpg\" height=\"613\" width=\"1090\" alt=\"\" class=\"slider-626 slide-630 msDefaultImage\" \/><\/li>\n            <li style='display: none;' aria-roledescription='slide' aria-labelledby='slide-1'><img loading=\"lazy\" decoding=\"async\" src=\"\/files\/Start_2.jpg\" height=\"613\" width=\"1090\" alt=\"\" class=\"slider-626 slide-631 msDefaultImage\" \/><\/li>\n            <li style='display: none;' aria-roledescription='slide' aria-labelledby='slide-2'><img loading=\"lazy\" decoding=\"async\" src=\"\/files\/Start_3.jpg\" height=\"613\" width=\"1090\" alt=\"\" class=\"slider-626 slide-632 msDefaultImage\" \/><\/li>\n            <li style='display: none;' aria-roledescription='slide' aria-labelledby='slide-3'><img loading=\"lazy\" decoding=\"async\" src=\"\/files\/Start_4-1.jpg\" height=\"613\" width=\"1090\" alt=\"\" class=\"slider-626 slide-739 msDefaultImage\" \/><\/li>\n            <li style='display: none;' aria-roledescription='slide' aria-labelledby='slide-4'><img loading=\"lazy\" decoding=\"async\" src=\"\/files\/Start_5.jpg\" height=\"613\" width=\"1090\" alt=\"\" class=\"slider-626 slide-743 msDefaultImage\" \/><\/li>\n            <li style='display: none;' aria-roledescription='slide' aria-labelledby='slide-5'><img loading=\"lazy\" decoding=\"async\" src=\"\/files\/Start_6.jpg\" height=\"613\" width=\"1090\" alt=\"\" class=\"slider-626 slide-747 msDefaultImage\" \/><\/li>\n            <li style='display: none;' aria-roledescription='slide' aria-labelledby='slide-6'><img loading=\"lazy\" decoding=\"async\" src=\"\/files\/Start_7.jpg\" height=\"613\" width=\"1090\" alt=\"\" class=\"slider-626 slide-754 msDefaultImage\" \/><\/li>\n            <li style='display: none;' aria-roledescription='slide' aria-labelledby='slide-7'><img loading=\"lazy\" decoding=\"async\" src=\"\/files\/Start_8.jpg\" height=\"613\" width=\"1090\" alt=\"\" class=\"slider-626 slide-758 msDefaultImage\" \/><\/li>\n            <li style='display: none;' aria-roledescription='slide' aria-labelledby='slide-8'><img loading=\"lazy\" decoding=\"async\" src=\"\/files\/Start_9.jpg\" height=\"613\" width=\"1090\" alt=\"\" class=\"slider-626 slide-762 msDefaultImage\" \/><\/li>\n            <li style='display: none;' aria-roledescription='slide' aria-labelledby='slide-9'><img loading=\"lazy\" decoding=\"async\" src=\"\/files\/Start_10.jpg\" height=\"613\" width=\"1090\" alt=\"\" class=\"slider-626 slide-766 msDefaultImage\" \/><\/li>\n        <\/ul>\n        \n    <\/div>\n<\/div>[\/vc_column_text][\/vc_column][\/vc_row][vc_row content_placement=&#8221;middle&#8221; el_id=&#8221;homerow&#8221;][vc_column width=&#8221;1\/2&#8243; css=&#8221;.vc_custom_1597067546865{background-color: #ffffff !important;}&#8221;][vc_single_image image=&#8221;782&#8243; img_size=&#8221;full&#8221; alignment=&#8221;center&#8221; css_animation=&#8221;none&#8221; css=&#8221;.vc_custom_1597146940399{margin-bottom: 15px !important;}&#8221;][vc_column_text css_animation=&#8221;fadeInLeft&#8221;]<\/p>\n<h1><span style=\"font-weight: 300\">Olkoon &#8221;vihre\u00e4&#8221; joulu t\u00e4n\u00e4 vuonna.<\/span><\/h1>\n<p>Olkoon t\u00e4m\u00e4n vuoden joululahja ymp\u00e4rist\u00f6yst\u00e4v\u00e4llinen, kest\u00e4v\u00e4 ja vihre\u00e4 lahja Bj\u00f6rka Fristadilta. Ainutlaatuisia, innovatiivisia ja k\u00e4sintehtyj\u00e4 lahjoja ruotsalaisesta koivusta molemmille osapuolille ja jokap\u00e4iv\u00e4iselle el\u00e4m\u00e4lle.[\/vc_column_text][\/vc_column][vc_column width=&#8221;1\/2&#8243;][vc_column_text css_animation=&#8221;fadeInRight&#8221; el_class=&#8221;textbox&#8221;]<\/p>\n<h1><span style=\"font-weight: 300\">Tervetuloa<\/span> Bj\u00f6rka Fristadiin<\/h1>\n<p>Olemme kaikki k\u00e4ytt\u00e4neet ruuanlaitossa klassisia puisia keitti\u00f6v\u00e4lineit\u00e4, eik\u00f6 niin? Mutta miten kehitt\u00e4\u00e4 edelleen tuotteita, jotka ovat n\u00e4ytt\u00e4neet samalta vuosikymmenien ajan?<\/p>\n<p>Voidaanko niit\u00e4 tehd\u00e4 paremmin vai paremmin? Onko mahdollista keksi\u00e4 uusia tuotteita uusiin k\u00e4ytt\u00f6tarkoituksiin?<\/p>\n<p>Pitk\u00e4n pohdinnan, keskustelujen ja loputtomien luonnoksien j\u00e4lkeen saavuimme vastaukseen.<\/p>\n<p>Avainsanojen avulla: Ymp\u00e4rist\u00f6yst\u00e4v\u00e4llinen, ilmasto-\u00e4lyk\u00e4s ja ruotsalainen, syntynyt vuonna 2018: Bj\u00f6rka Fristad!<\/p>\n<h1 style=\"text-align: center\"><span style=\"font-weight: 300\">L\u00e4mpim\u00e4sti tervetuloa!<\/span><\/h1>\n<p>[\/vc_column_text][\/vc_column][\/vc_row]<\/p>\n<\/div>","protected":false},"excerpt":{"rendered":"<p>[vc_row][vc_column css=&#8221;.vc_custom_1597061230756{padding-right: 0px !important;padding-left: 0px !important;}&#8221;][vc_column_text css=&#8221;.vc_custom_1597060992884{margin-bottom: 0px !important;}&#8221;][\/vc_column_text][\/vc_column][\/vc_row][vc_row content_placement=&#8221;middle&#8221; el_id=&#8221;homerow&#8221;][vc_column width=&#8221;1\/2&#8243; css=&#8221;.vc_custom_1597067546865{background-color: #ffffff !important;}&#8221;][vc_single_image image=&#8221;782&#8243; img_size=&#8221;full&#8221; alignment=&#8221;center&#8221; css_animation=&#8221;none&#8221; css=&#8221;.vc_custom_1597146940399{margin-bottom: 15px !important;}&#8221;][vc_column_text css_animation=&#8221;fadeInLeft&#8221;] Olkoon &#8221;vihre\u00e4&#8221; joulu t\u00e4n\u00e4 vuonna. Olkoon t\u00e4m\u00e4n vuoden joululahja ymp\u00e4rist\u00f6yst\u00e4v\u00e4llinen, kest\u00e4v\u00e4 ja vihre\u00e4 lahja Bj\u00f6rka Fristadilta. Ainutlaatuisia, innovatiivisia ja k\u00e4sintehtyj\u00e4 lahjoja ruotsalaisesta koivusta molemmille osapuolille ja jokap\u00e4iv\u00e4iselle el\u00e4m\u00e4lle.[\/vc_column_text][\/vc_column][vc_column width=&#8221;1\/2&#8243;][vc_column_text css_animation=&#8221;fadeInRight&#8221; el_class=&#8221;textbox&#8221;] Tervetuloa [&hellip;]<\/p>\n","protected":false},"author":1694,"featured_media":0,"parent":0,"menu_order":1,"comment_status":"closed","ping_status":"closed","template":"","meta":{"footnotes":""},"class_list":["post-76","page","type-page","status-publish","hentry"],"_links":{"self":[{"href":"https:\/\/bjorkafristad.cmsp.se\/fi\/wp-json\/wp\/v2\/pages\/76","targetHints":{"allow":["GET"]}}],"collection":[{"href":"https:\/\/bjorkafristad.cmsp.se\/fi\/wp-json\/wp\/v2\/pages"}],"about":[{"href":"https:\/\/bjorkafristad.cmsp.se\/fi\/wp-json\/wp\/v2\/types\/page"}],"author":[{"embeddable":true,"href":"https:\/\/bjorkafristad.cmsp.se\/fi\/wp-json\/wp\/v2\/users\/1694"}],"replies":[{"embeddable":true,"href":"https:\/\/bjorkafristad.cmsp.se\/fi\/wp-json\/wp\/v2\/comments?post=76"}],"version-history":[{"count":16,"href":"https:\/\/bjorkafristad.cmsp.se\/fi\/wp-json\/wp\/v2\/pages\/76\/revisions"}],"predecessor-version":[{"id":963,"href":"https:\/\/bjorkafristad.cmsp.se\/fi\/wp-json\/wp\/v2\/pages\/76\/revisions\/963"}],"wp:attachment":[{"href":"https:\/\/bjorkafristad.cmsp.se\/fi\/wp-json\/wp\/v2\/media?parent=76"}],"curies":[{"name":"wp","href":"https:\/\/api.w.org\/{rel}","templated":true}]}}