{"id":109,"date":"2020-05-18T10:27:18","date_gmt":"2020-05-18T08:27:18","guid":{"rendered":"http:\/\/bjorkafristad.cmsp.se\/?page_id=109"},"modified":"2020-08-24T15:52:59","modified_gmt":"2020-08-24T13:52:59","slug":"produkter","status":"publish","type":"page","link":"https:\/\/bjorkafristad.cmsp.se\/no\/produkter\/","title":{"rendered":"Produkter"},"content":{"rendered":"<div class=\"wpb-content-wrapper\"><p>[vc_row][vc_column][vc_column_text]<\/p>\n<h1>Produkter<\/h1>\n<p>[\/vc_column_text][\/vc_column][\/vc_row][vc_row][vc_column width=&raquo;1\/3&#8243;][vc_single_image image=&raquo;219&#8243; img_size=&raquo;medium&raquo; onclick=&raquo;link_image&raquo;][\/vc_column][vc_column width=&raquo;1\/3&#8243;][vc_column_text]<\/p>\n<h2>Benkestativ Klockarebolet<\/h2>\n<p>Flaggskipet i Bj\u00f6rkas kj\u00f8kkenserie! En stabil benkeplate som holder rede p\u00e5 favoritt kj\u00f8kkenredskapene dine. S\u00e5 praktisk som det er fint p\u00e5 kj\u00f8kkenbenken.<\/p>\n<p><a href=\"https:\/\/www.bjorkafristad.se\/no\/bankstall-patorp\/\">Les mer her!<\/a>[\/vc_column_text][\/vc_column][vc_column width=&raquo;1\/3&#8243;][vc_column_text]<\/p>\n<p style=\"text-align: right\">Art. nr. B008<\/p>\n<p>[\/vc_column_text][\/vc_column][\/vc_row][vc_row][vc_column][vc_separator color=&raquo;custom&raquo; accent_color=&raquo;#aa9868&#8243;][\/vc_column][\/vc_row][vc_row][vc_column width=&raquo;1\/3&#8243;][vc_single_image image=&raquo;236&#8243; img_size=&raquo;medium&raquo; onclick=&raquo;link_image&raquo;][\/vc_column][vc_column width=&raquo;1\/3&#8243;][vc_column_text]<\/p>\n<h2>Tapas sett Tingk\u00e4llan<\/h2>\n<p>Et vakkert og praktisk sett for den planlagte tapasfesten eller den spontane piknik.<\/p>\n<p><a href=\"https:\/\/www.bjorkafristad.se\/no\/tapasset-molarp\/\">Les mer her!<\/a>[\/vc_column_text][\/vc_column][vc_column width=&raquo;1\/3&#8243;][vc_column_text]<\/p>\n<p style=\"text-align: right\">Art. nr. B002<\/p>\n<p>[\/vc_column_text][\/vc_column][\/vc_row][vc_row][vc_column][vc_separator color=&raquo;custom&raquo; accent_color=&raquo;#aa9868&#8243;][\/vc_column][\/vc_row][vc_row][vc_column width=&raquo;1\/3&#8243;][vc_single_image image=&raquo;227&#8243; img_size=&raquo;medium&raquo; onclick=&raquo;link_image&raquo;][\/vc_column][vc_column width=&raquo;1\/3&#8243;][vc_column_text]<\/p>\n<h2>Salatsett M\u00f6larp<\/h2>\n<p>Veldig nyttig sett som inneholder salatbestikk, der begge deler av esken ogs\u00e5 har tilleggsfunksjoner.<\/p>\n<p><a href=\"https:\/\/www.bjorkafristad.se\/no\/salladsset-sik\/\">Les mer her!<\/a>[\/vc_column_text][\/vc_column][vc_column width=&raquo;1\/3&#8243;][vc_column_text]<\/p>\n<p style=\"text-align: right\">Art. nr. B004<\/p>\n<p>[\/vc_column_text][\/vc_column][\/vc_row][vc_row][vc_column][vc_separator color=&raquo;custom&raquo; accent_color=&raquo;#aa9868&#8243;][\/vc_column][\/vc_row][vc_row][vc_column width=&raquo;1\/3&#8243;][vc_single_image image=&raquo;281&#8243; img_size=&raquo;medium&raquo; onclick=&raquo;link_image&raquo;][\/vc_column][vc_column width=&raquo;1\/3&#8243;][vc_column_text]<\/p>\n<h2>Kj\u00f8kkenutstyr Klockarebolet<\/h2>\n<p>Brukervennlig kj\u00f8kkenutstyr i Bj\u00f6rkas unike design.<\/p>\n<p><a href=\"https:\/\/www.bjorkafristad.se\/no\/koksredskap\/\">Les mer her!<\/a><\/p>\n<p>[\/vc_column_text][\/vc_column][vc_column width=&raquo;1\/3&#8243;][vc_column_text]<\/p>\n<p style=\"text-align: right\">Art. nr.<\/p>\n<p style=\"text-align: right\">Tr\u00e4gaffel: B005<\/p>\n<p style=\"text-align: right\">Stekspade: B006<\/p>\n<p style=\"text-align: right\">R\u00f6rslev: B007<\/p>\n<p>[\/vc_column_text][\/vc_column][\/vc_row][vc_row][vc_column][vc_separator color=&raquo;custom&raquo; accent_color=&raquo;#aa9868&#8243;][\/vc_column][\/vc_row][vc_row][vc_column width=&raquo;1\/3&#8243;][vc_single_image image=&raquo;289&#8243; img_size=&raquo;medium&raquo; onclick=&raquo;link_image&raquo;][\/vc_column][vc_column width=&raquo;1\/3&#8243;][vc_column_text]<\/p>\n<h2>Pincet Tingk\u00e4llan<\/h2>\n<p>En mindre og veldig nyttig plukkpincett til f.eks. tapas eller p\u00e5legg.<\/p>\n<p><a href=\"https:\/\/www.bjorkafristad.se\/no\/pincett\/\">Les mer her!<\/a>[\/vc_column_text][\/vc_column][vc_column width=&raquo;1\/3&#8243;][vc_column_text]<\/p>\n<p style=\"text-align: right\">Art. nr. B001<\/p>\n<p>[\/vc_column_text][\/vc_column][\/vc_row][vc_row][vc_column][vc_separator color=&raquo;custom&raquo; accent_color=&raquo;#aa9868&#8243;][\/vc_column][\/vc_row][vc_row][vc_column width=&raquo;1\/3&#8243;][vc_single_image image=&raquo;285&#8243; img_size=&raquo;medium&raquo; onclick=&raquo;link_image&raquo;][\/vc_column][vc_column width=&raquo;1\/3&#8243;][vc_column_text]<\/p>\n<h2>Salatbestikk M\u00f6larp<\/h2>\n<p>Brukervennlig salatbestikk i Bj\u00f6rkas unike design.<\/p>\n<p><a href=\"https:\/\/www.bjorkafristad.se\/no\/salladsbestick\/\">Les mer her!<\/a>[\/vc_column_text][\/vc_column][vc_column width=&raquo;1\/3&#8243;][vc_column_text]<\/p>\n<p style=\"text-align: right\">Art. nr. B003<\/p>\n<p>[\/vc_column_text][\/vc_column][\/vc_row]<\/p>\n<\/div>","protected":false},"excerpt":{"rendered":"<p>[vc_row][vc_column][vc_column_text] Produkter [\/vc_column_text][\/vc_column][\/vc_row][vc_row][vc_column width=&raquo;1\/3&#8243;][vc_single_image image=&raquo;219&#8243; img_size=&raquo;medium&raquo; onclick=&raquo;link_image&raquo;][\/vc_column][vc_column width=&raquo;1\/3&#8243;][vc_column_text] Benkestativ Klockarebolet Flaggskipet i Bj\u00f6rkas kj\u00f8kkenserie! En stabil benkeplate som holder rede p\u00e5 favoritt kj\u00f8kkenredskapene dine. S\u00e5 praktisk som det er fint p\u00e5 kj\u00f8kkenbenken. Les mer her![\/vc_column_text][\/vc_column][vc_column width=&raquo;1\/3&#8243;][vc_column_text] Art. nr. B008 [\/vc_column_text][\/vc_column][\/vc_row][vc_row][vc_column][vc_separator color=&raquo;custom&raquo; accent_color=&raquo;#aa9868&#8243;][\/vc_column][\/vc_row][vc_row][vc_column width=&raquo;1\/3&#8243;][vc_single_image image=&raquo;236&#8243; img_size=&raquo;medium&raquo; onclick=&raquo;link_image&raquo;][\/vc_column][vc_column width=&raquo;1\/3&#8243;][vc_column_text] Tapas sett Tingk\u00e4llan Et vakkert og praktisk sett [&hellip;]<\/p>\n","protected":false},"author":4,"featured_media":0,"parent":0,"menu_order":0,"comment_status":"closed","ping_status":"closed","template":"","meta":{"footnotes":""},"class_list":["post-109","page","type-page","status-publish","hentry"],"_links":{"self":[{"href":"https:\/\/bjorkafristad.cmsp.se\/no\/wp-json\/wp\/v2\/pages\/109","targetHints":{"allow":["GET"]}}],"collection":[{"href":"https:\/\/bjorkafristad.cmsp.se\/no\/wp-json\/wp\/v2\/pages"}],"about":[{"href":"https:\/\/bjorkafristad.cmsp.se\/no\/wp-json\/wp\/v2\/types\/page"}],"author":[{"embeddable":true,"href":"https:\/\/bjorkafristad.cmsp.se\/no\/wp-json\/wp\/v2\/users\/4"}],"replies":[{"embeddable":true,"href":"https:\/\/bjorkafristad.cmsp.se\/no\/wp-json\/wp\/v2\/comments?post=109"}],"version-history":[{"count":7,"href":"https:\/\/bjorkafristad.cmsp.se\/no\/wp-json\/wp\/v2\/pages\/109\/revisions"}],"predecessor-version":[{"id":979,"href":"https:\/\/bjorkafristad.cmsp.se\/no\/wp-json\/wp\/v2\/pages\/109\/revisions\/979"}],"wp:attachment":[{"href":"https:\/\/bjorkafristad.cmsp.se\/no\/wp-json\/wp\/v2\/media?parent=109"}],"curies":[{"name":"wp","href":"https:\/\/api.w.org\/{rel}","templated":true}]}}