{"id":78,"date":"2019-01-01T19:07:54","date_gmt":"2019-01-01T18:07:54","guid":{"rendered":"http:\/\/bjorkafristad.cmsp.se\/?page_id=78"},"modified":"2020-08-24T15:31:27","modified_gmt":"2020-08-24T13:31:27","slug":"hem","status":"publish","type":"page","link":"https:\/\/bjorkafristad.cmsp.se\/no\/","title":{"rendered":"Hem"},"content":{"rendered":"<div class=\"wpb-content-wrapper\"><p>[vc_row][vc_column css=&raquo;.vc_custom_1597061230756{padding-right: 0px !important;padding-left: 0px !important;}&raquo;][vc_column_text css=&raquo;.vc_custom_1597060992884{margin-bottom: 0px !important;}&raquo;]<div id=\"metaslider-id-626\" style=\"max-width: 1090px; margin: 0 auto;\" class=\"ml-slider-3-107-0 metaslider metaslider-responsive metaslider-626 ml-slider ms-theme-nivo-light\" role=\"region\" aria-label=\"Nytt bildspel\" data-height=\"613\" data-width=\"1090\">\n    <div id=\"metaslider_container_626\">\n        <ul id='metaslider_626' class='rslides'>\n            <li aria-roledescription='slide' aria-labelledby='slide-0'><img loading=\"lazy\" decoding=\"async\" src=\"\/files\/Start_1-1.jpg\" height=\"613\" width=\"1090\" alt=\"\" class=\"slider-626 slide-630 msDefaultImage\" \/><\/li>\n            <li style='display: none;' aria-roledescription='slide' aria-labelledby='slide-1'><img loading=\"lazy\" decoding=\"async\" src=\"\/files\/Start_2.jpg\" height=\"613\" width=\"1090\" alt=\"\" class=\"slider-626 slide-631 msDefaultImage\" \/><\/li>\n            <li style='display: none;' aria-roledescription='slide' aria-labelledby='slide-2'><img loading=\"lazy\" decoding=\"async\" src=\"\/files\/Start_3.jpg\" height=\"613\" width=\"1090\" alt=\"\" class=\"slider-626 slide-632 msDefaultImage\" \/><\/li>\n            <li style='display: none;' aria-roledescription='slide' aria-labelledby='slide-3'><img loading=\"lazy\" decoding=\"async\" src=\"\/files\/Start_4-1.jpg\" height=\"613\" width=\"1090\" alt=\"\" class=\"slider-626 slide-739 msDefaultImage\" \/><\/li>\n            <li style='display: none;' aria-roledescription='slide' aria-labelledby='slide-4'><img loading=\"lazy\" decoding=\"async\" src=\"\/files\/Start_5.jpg\" height=\"613\" width=\"1090\" alt=\"\" class=\"slider-626 slide-743 msDefaultImage\" \/><\/li>\n            <li style='display: none;' aria-roledescription='slide' aria-labelledby='slide-5'><img loading=\"lazy\" decoding=\"async\" src=\"\/files\/Start_6.jpg\" height=\"613\" width=\"1090\" alt=\"\" class=\"slider-626 slide-747 msDefaultImage\" \/><\/li>\n            <li style='display: none;' aria-roledescription='slide' aria-labelledby='slide-6'><img loading=\"lazy\" decoding=\"async\" src=\"\/files\/Start_7.jpg\" height=\"613\" width=\"1090\" alt=\"\" class=\"slider-626 slide-754 msDefaultImage\" \/><\/li>\n            <li style='display: none;' aria-roledescription='slide' aria-labelledby='slide-7'><img loading=\"lazy\" decoding=\"async\" src=\"\/files\/Start_8.jpg\" height=\"613\" width=\"1090\" alt=\"\" class=\"slider-626 slide-758 msDefaultImage\" \/><\/li>\n            <li style='display: none;' aria-roledescription='slide' aria-labelledby='slide-8'><img loading=\"lazy\" decoding=\"async\" src=\"\/files\/Start_9.jpg\" height=\"613\" width=\"1090\" alt=\"\" class=\"slider-626 slide-762 msDefaultImage\" \/><\/li>\n            <li style='display: none;' aria-roledescription='slide' aria-labelledby='slide-9'><img loading=\"lazy\" decoding=\"async\" src=\"\/files\/Start_10.jpg\" height=\"613\" width=\"1090\" alt=\"\" class=\"slider-626 slide-766 msDefaultImage\" \/><\/li>\n        <\/ul>\n        \n    <\/div>\n<\/div>[\/vc_column_text][\/vc_column][\/vc_row][vc_row content_placement=&raquo;middle&raquo; el_id=&raquo;homerow&raquo;][vc_column width=&raquo;1\/2&#8243; css=&raquo;.vc_custom_1597067546865{background-color: #ffffff !important;}&raquo;][vc_single_image image=&raquo;782&#8243; img_size=&raquo;full&raquo; alignment=&raquo;center&raquo; css_animation=&raquo;none&raquo; css=&raquo;.vc_custom_1597146940399{margin-bottom: 15px !important;}&raquo;][vc_column_text css_animation=&raquo;fadeInLeft&raquo;]<\/p>\n<h1><span style=\"font-weight: 300\">La det v\u00e6re en &laquo;gr\u00f8nn&raquo; jul i \u00e5r.<\/span><\/h1>\n<p>La \u00e5rets julegave v\u00e6re en milj\u00f8vennlig, b\u00e6rekraftig og gr\u00f8nn gave fra Bj\u00f6rka Fristad. Unike, innovative og h\u00e5ndlagde gaver i svensk bj\u00f8rk til begge parter og hverdagen.[\/vc_column_text][\/vc_column][vc_column width=&raquo;1\/2&#8243;][vc_column_text css_animation=&raquo;fadeInRight&raquo; el_class=&raquo;textbox&raquo;]<\/p>\n<h1><span style=\"font-weight: 300\">Velkommen til<\/span> Bj\u00f6rka Fristad<\/h1>\n<p>Vi har alle brukt klassiske kj\u00f8kkenredskaper av tre i matlagingen, ikke sant? Men hvordan videreutvikler du produkter som har sett like ut i flere ti\u00e5r?<\/p>\n<p>Kan de gj\u00f8res bedre eller p\u00e5 en bedre m\u00e5te? Er det mulig \u00e5 finne opp nye produkter til ny bruk?<\/p>\n<p>Etter en lang periode med refleksjon, diskusjoner og uendelige skisser, kom vi til svaret.<\/p>\n<p>Ved hjelp av stikkordene: <em><strong>Milj\u00f8vennlig<\/strong><\/em>, <em><strong>Klimasmart<\/strong><\/em> og <em><strong>svenskprodusert<\/strong><\/em>, f\u00f8dt i 2018: Bj\u00f6rka Fristad!<\/p>\n<p>&nbsp;<\/p>\n<p>&nbsp;<\/p>\n<h1 style=\"text-align: center\"><span style=\"font-weight: 300\">Varm velkomst!<\/span><\/h1>\n<p>[\/vc_column_text][\/vc_column][\/vc_row]<\/p>\n<\/div>","protected":false},"excerpt":{"rendered":"<p>[vc_row][vc_column css=&raquo;.vc_custom_1597061230756{padding-right: 0px !important;padding-left: 0px !important;}&raquo;][vc_column_text css=&raquo;.vc_custom_1597060992884{margin-bottom: 0px !important;}&raquo;][\/vc_column_text][\/vc_column][\/vc_row][vc_row content_placement=&raquo;middle&raquo; el_id=&raquo;homerow&raquo;][vc_column width=&raquo;1\/2&#8243; css=&raquo;.vc_custom_1597067546865{background-color: #ffffff !important;}&raquo;][vc_single_image image=&raquo;782&#8243; img_size=&raquo;full&raquo; alignment=&raquo;center&raquo; css_animation=&raquo;none&raquo; css=&raquo;.vc_custom_1597146940399{margin-bottom: 15px !important;}&raquo;][vc_column_text css_animation=&raquo;fadeInLeft&raquo;] La det v\u00e6re en &laquo;gr\u00f8nn&raquo; jul i \u00e5r. La \u00e5rets julegave v\u00e6re en milj\u00f8vennlig, b\u00e6rekraftig og gr\u00f8nn gave fra Bj\u00f6rka Fristad. Unike, innovative og h\u00e5ndlagde gaver i svensk bj\u00f8rk til begge parter [&hellip;]<\/p>\n","protected":false},"author":1694,"featured_media":0,"parent":0,"menu_order":1,"comment_status":"closed","ping_status":"closed","template":"","meta":{"footnotes":""},"class_list":["post-78","page","type-page","status-publish","hentry"],"_links":{"self":[{"href":"https:\/\/bjorkafristad.cmsp.se\/no\/wp-json\/wp\/v2\/pages\/78","targetHints":{"allow":["GET"]}}],"collection":[{"href":"https:\/\/bjorkafristad.cmsp.se\/no\/wp-json\/wp\/v2\/pages"}],"about":[{"href":"https:\/\/bjorkafristad.cmsp.se\/no\/wp-json\/wp\/v2\/types\/page"}],"author":[{"embeddable":true,"href":"https:\/\/bjorkafristad.cmsp.se\/no\/wp-json\/wp\/v2\/users\/1694"}],"replies":[{"embeddable":true,"href":"https:\/\/bjorkafristad.cmsp.se\/no\/wp-json\/wp\/v2\/comments?post=78"}],"version-history":[{"count":11,"href":"https:\/\/bjorkafristad.cmsp.se\/no\/wp-json\/wp\/v2\/pages\/78\/revisions"}],"predecessor-version":[{"id":975,"href":"https:\/\/bjorkafristad.cmsp.se\/no\/wp-json\/wp\/v2\/pages\/78\/revisions\/975"}],"wp:attachment":[{"href":"https:\/\/bjorkafristad.cmsp.se\/no\/wp-json\/wp\/v2\/media?parent=78"}],"curies":[{"name":"wp","href":"https:\/\/api.w.org\/{rel}","templated":true}]}}